{"id":1206,"date":"2015-11-30T11:01:07","date_gmt":"2015-11-30T10:01:07","guid":{"rendered":"http:\/\/www.enfancejeunesse.mesquerquimiac.fr\/?page_id=1206"},"modified":"2025-08-05T14:36:43","modified_gmt":"2025-08-05T13:36:43","slug":"pause-meridienne","status":"publish","type":"page","link":"https:\/\/www.enfancejeunesse.mesquerquimiac.fr\/?page_id=1206","title":{"rendered":"PAUSE MERIDIENNE"},"content":{"rendered":"\n<figure class=\"wp-block-image size-full\"><a href=\"https:\/\/i0.wp.com\/www.enfancejeunesse.mesquerquimiac.fr\/sejm\/wp-content\/uploads\/2021\/08\/Pause-Meridienne-2020-1.png?ssl=1\"><img data-recalc-dims=\"1\" loading=\"lazy\" decoding=\"async\" width=\"820\" height=\"312\" data-attachment-id=\"6297\" data-permalink=\"https:\/\/www.enfancejeunesse.mesquerquimiac.fr\/?attachment_id=6297\" data-orig-file=\"https:\/\/i0.wp.com\/www.enfancejeunesse.mesquerquimiac.fr\/sejm\/wp-content\/uploads\/2021\/08\/Pause-Meridienne-2020-1.png?fit=820%2C312&amp;ssl=1\" data-orig-size=\"820,312\" data-comments-opened=\"0\" data-image-meta=\"{&quot;aperture&quot;:&quot;0&quot;,&quot;credit&quot;:&quot;&quot;,&quot;camera&quot;:&quot;&quot;,&quot;caption&quot;:&quot;&quot;,&quot;created_timestamp&quot;:&quot;0&quot;,&quot;copyright&quot;:&quot;&quot;,&quot;focal_length&quot;:&quot;0&quot;,&quot;iso&quot;:&quot;0&quot;,&quot;shutter_speed&quot;:&quot;0&quot;,&quot;title&quot;:&quot;&quot;,&quot;orientation&quot;:&quot;0&quot;}\" data-image-title=\"Pause M\u00e9ridienne 2020 (1)\" data-image-description=\"\" data-image-caption=\"\" data-large-file=\"https:\/\/i0.wp.com\/www.enfancejeunesse.mesquerquimiac.fr\/sejm\/wp-content\/uploads\/2021\/08\/Pause-Meridienne-2020-1.png?fit=820%2C312&amp;ssl=1\" src=\"https:\/\/i0.wp.com\/www.enfancejeunesse.mesquerquimiac.fr\/sejm\/wp-content\/uploads\/2021\/08\/Pause-Meridienne-2020-1.png?resize=820%2C312&#038;ssl=1\" alt=\"\" class=\"wp-image-6297\" srcset=\"https:\/\/i0.wp.com\/www.enfancejeunesse.mesquerquimiac.fr\/sejm\/wp-content\/uploads\/2021\/08\/Pause-Meridienne-2020-1.png?w=820&amp;ssl=1 820w, https:\/\/i0.wp.com\/www.enfancejeunesse.mesquerquimiac.fr\/sejm\/wp-content\/uploads\/2021\/08\/Pause-Meridienne-2020-1.png?resize=300%2C114&amp;ssl=1 300w, https:\/\/i0.wp.com\/www.enfancejeunesse.mesquerquimiac.fr\/sejm\/wp-content\/uploads\/2021\/08\/Pause-Meridienne-2020-1.png?resize=768%2C292&amp;ssl=1 768w\" sizes=\"auto, (max-width: 820px) 100vw, 820px\" \/><\/a><\/figure>\n\n\n<p><span style=\"color: #000000;\"><strong>La pause&nbsp;<\/strong><strong>m\u00e9ridienne :<\/strong>&nbsp; Un temps de restauration&nbsp;et un temps r\u00e9cr\u00e9atif<\/span><\/p>\n<p><span style=\"color: #000000;\"><strong>Les objectifs p\u00e9dagogiques du projet&nbsp;:<\/strong><\/span><\/p>\n<p><span style=\"color: #000000;\">&#8211; Permettre \u00e0 l\u2019enfant d\u2019\u00eatre autonome et responsable de son temps de pause m\u00e9ridienne.<\/span><br><span style=\"color: #000000;\">&#8211; Favoriser l\u2019\u00e9change, le respect et le partage.<\/span><br><span style=\"color: #000000;\">&#8211; Respecter le rythme et les besoins de l\u2019enfant<\/span><\/p>\n<p><span style=\"color: #000000;\"><strong>O\u00f9<\/strong><strong> ?<\/strong><\/span><\/p>\n<p><span style=\"color: #000000;\">Au restaurant municipal, dans les diff\u00e9rentes cours d&rsquo;\u00e9cole et dans les salles de l&rsquo;accueil de loisirs.<\/span><br><span style=\"color: #000000;\">Le restaurant scolaire est situ\u00e9 \u00e0 proximit\u00e9 du bourg, derri\u00e8re l\u2019\u00e9cole publique H\u00e9l\u00e8ne Cadou et \u00e0 c\u00f4t\u00e9 de l\u2019ALSH les Martins P\u00eacheurs.<\/span><\/p>\n<ul>\n<li><span style=\"color: #000000;\"><strong>Les lieux d\u2019activit\u00e9 disponibles :<\/strong><\/span><br><span style=\"color: #000000;\">L\u2019accueil de loisirs et p\u00e9riscolaire&nbsp;dispose au rez de chauss\u00e9e de&nbsp;2 salles d\u2019activit\u00e9 et 5 sanitaires.<\/span><br><span style=\"color: #000000;\">A l\u2019\u00e9tage, une salle d\u2019\u00e9volution et 2 sanitaires.<\/span><br><span style=\"color: #000000;\">A l\u2019ext\u00e9rieur, un petit jardin avec pelouse.<\/span><br><span style=\"color: #000000;\">A l\u2019\u00e9cole&nbsp;: 3 cours de r\u00e9cr\u00e9ation, deux pour les primaires et une pour les maternelles, 2 pr\u00e9aux, des sanitaires. La petite maison dans la cour des \u00e9l\u00e9mentaires.<\/span><\/li>\n<\/ul>\n<p><span style=\"color: #000000;\"><strong>Quand ?<\/strong><\/span><br><span style=\"color: #000000;\">Le lundi, mardi, jeudi et vendredi en p\u00e9riode scolaire de 12h \u00e0 13h20.<\/span><\/p>\n<p><span style=\"color: #000000;\"><strong>L&rsquo;encadrement ?<\/strong><\/span><br><span style=\"color: #000000;\">Sur le temps du d\u00e9jeuner, une \u00e9quipe pluridisciplinaire compos\u00e9e de 6 agents de service est pr\u00e9sente avec 2 animateurs en compl\u00e9ment.<\/span><\/p>\n<p><span style=\"color: #000000;\">Sur la cour et dans les salles d\u2019animation&nbsp;: 5 agents.<\/span><\/p>\n<p><span style=\"color: #000000;\">Sur le temps de pause m\u00e9ridienne de 12h \u00e0 13h20, 2 animateurs viennent renforcer l\u2019\u00e9quipe sur le temps du repas ainsi que sur le temps r\u00e9cr\u00e9atif. Cela a pour objectif de permettre \u00e0 l\u2019enfant et au collectif de s\u2019\u00e9panouir dans de bonnes conditions. Ce temps doit \u00eatre un moment convivial ou les enfants pourront vivre un temps de loisirs et d\u2019\u00e9change construit dans un cadre s\u00e9curisant.<\/span><br><span style=\"color: #000000;\">Des r\u00e8gles de vie ont \u00e9t\u00e9 \u00e9labor\u00e9es avec les enfants et l\u2019\u00e9quipe d\u2019animation sur l\u2019utilisation des diff\u00e9rents espaces propos\u00e9s aux enfants sur la grande cour, la petite cour et les salles de l\u2019accueil de loisirs. Au d\u00e9part, seule la salle \u00ab&nbsp;des grands&nbsp;\u00bb \u00e9tait ouverte aux enfants mais certain midi, selon la m\u00e9t\u00e9o ou l\u2019envie des enfants, les 2 salles du rez de chauss\u00e9e leurs sont accessibles. Les enfants ont su s\u2019approprier les espaces tout en respectant les consignes et les r\u00e8gles de fonctionnement pour le bien-\u00eatre de tous. Ils appr\u00e9cient de pouvoir venir dans les salles d\u2019activit\u00e9s pour se reposer, lire, r\u00e9aliser des petits bricolages, jouer et construire.<\/span><\/p>\n<p><span style=\"color: #000000;\">Aussi, pour une meilleure information aupr\u00e8s des familles sur ce temps, lorsque des soins ont \u00e9t\u00e9 apport\u00e9s \u00e0 un enfant ou suite \u00e0 un mauvais comportement de ce dernier et qu\u2019il s\u2019av\u00e8re n\u00e9cessaire de le signaler \u00e0 la famille, des mots \u00ab&nbsp;bleu ou rose&nbsp;\u00bb sont transmis de l\u2019\u00e9quipe d\u2019animation \u00e0 l\u2019enseignant pour information dans le cahier de liaison.<\/span><\/p>\n<p><span style=\"color: #000000;\">LES INSCRIPTIONS SONT OBLIGATOIRES LE JEUDI PR\u00c9C\u00c9DANT AVANT 17 H SUR <a style=\"color: #000000;\" href=\"https:\/\/espacefamille.aiga.fr\/3832065\">LE PORTAIL FAMILLE<\/a><\/span><\/p>\n<h2><span style=\"color: #000000;\">TARIFS<\/span><\/h2>\n\n\n<figure class=\"wp-block-table\"><table><tbody><tr><td>PAUSE MERIDIENNE : LUNDI MARDI JEUDI VENDREDI<\/td><\/tr><tr><td>Taux d&rsquo;effort<\/td><td>0,25%<\/td><\/tr><tr><td>Tarif plancher&nbsp; &nbsp; Encadrement&nbsp;&nbsp;&nbsp;&nbsp;&nbsp;&nbsp;&nbsp;&nbsp;&nbsp;&nbsp;&nbsp;&nbsp;&nbsp;&nbsp;&nbsp;&nbsp;&nbsp;&nbsp;&nbsp;&nbsp;&nbsp;&nbsp;&nbsp;&nbsp;&nbsp;<\/td><td>0,30 \u20ac<\/td><\/tr><tr><td>Tarif plafond&nbsp; &nbsp; Encadrement<\/td><td>1,00 \u20ac<\/td><\/tr><tr><td>Repas enfant&nbsp;&nbsp;&nbsp;&nbsp;&nbsp;&nbsp;&nbsp;&nbsp;&nbsp;&nbsp;&nbsp;&nbsp;&nbsp;&nbsp;&nbsp;&nbsp;&nbsp;&nbsp;&nbsp;&nbsp;&nbsp;&nbsp;&nbsp;&nbsp;&nbsp;<\/td><td>3,00 \u20ac<\/td><\/tr><tr><td>Cas particulier = Tarification sociale cantine scolaire QF inf\u00e9rieur \u00e0 600\u20ac<\/td><td>1,00 \u20ac<\/td><\/tr><tr><td>Repas adulte (personnel communal et enseignant de l&rsquo;\u00e9cole H. Cadou)<\/td><td>7,00 \u20ac<\/td><\/tr><tr><td>Tarif repas enfant major\u00e9 de 50% pour les enfants non inscrits&nbsp;<\/td><\/tr><tr><td>Tarif repas enfant pour les enfants inscrits mais absents = Prix du repas + encadrement<\/td><\/tr><tr><td>PAUSE MERIDIENNE : MERCREDI REPAS UNIQUEMENT 12h \/ 13h15<\/td><\/tr><tr><td>Tarif repas enfant major\u00e9 de 50% pour les repas du mercredi midi&nbsp;<\/td><td>&nbsp;<\/td><\/tr><tr><td>Tarif repas enfant major\u00e9 de 100% pour les enfants non inscrits&nbsp;<\/td><\/tr><tr><td>Tarif repas enfant major\u00e9 de 50%&nbsp; pour les&nbsp; enfants inscrits mais absents<\/td><td>&nbsp;<\/td><\/tr><\/tbody><\/table><\/figure>\n\n\n\n<ul class=\"wp-block-list\">\n<li><\/li>\n<\/ul>\n\n\n\n<ul class=\"wp-block-list\">\n<li><\/li>\n<\/ul>\n\n\n\n<figure class=\"wp-block-image size-large\"><a href=\"https:\/\/www.enfancejeunesse.mesquerquimiac.fr\/?p=3763\"><img data-recalc-dims=\"1\" loading=\"lazy\" decoding=\"async\" width=\"500\" height=\"500\" data-attachment-id=\"5341\" data-permalink=\"https:\/\/www.enfancejeunesse.mesquerquimiac.fr\/?attachment_id=5341\" data-orig-file=\"https:\/\/i0.wp.com\/www.enfancejeunesse.mesquerquimiac.fr\/sejm\/wp-content\/uploads\/2020\/11\/Copie-de-ENFANCE-JEUNESSE.png?fit=500%2C500&amp;ssl=1\" data-orig-size=\"500,500\" data-comments-opened=\"0\" data-image-meta=\"{&quot;aperture&quot;:&quot;0&quot;,&quot;credit&quot;:&quot;&quot;,&quot;camera&quot;:&quot;&quot;,&quot;caption&quot;:&quot;&quot;,&quot;created_timestamp&quot;:&quot;0&quot;,&quot;copyright&quot;:&quot;&quot;,&quot;focal_length&quot;:&quot;0&quot;,&quot;iso&quot;:&quot;0&quot;,&quot;shutter_speed&quot;:&quot;0&quot;,&quot;title&quot;:&quot;&quot;,&quot;orientation&quot;:&quot;0&quot;}\" data-image-title=\"Copie de ENFANCE JEUNESSE\" data-image-description=\"\" data-image-caption=\"\" data-large-file=\"https:\/\/i0.wp.com\/www.enfancejeunesse.mesquerquimiac.fr\/sejm\/wp-content\/uploads\/2020\/11\/Copie-de-ENFANCE-JEUNESSE.png?fit=500%2C500&amp;ssl=1\" src=\"https:\/\/i0.wp.com\/www.enfancejeunesse.mesquerquimiac.fr\/sejm\/wp-content\/uploads\/2020\/11\/Copie-de-ENFANCE-JEUNESSE.png?resize=500%2C500&#038;ssl=1\" alt=\"\" class=\"wp-image-5341\" srcset=\"https:\/\/i0.wp.com\/www.enfancejeunesse.mesquerquimiac.fr\/sejm\/wp-content\/uploads\/2020\/11\/Copie-de-ENFANCE-JEUNESSE.png?w=500&amp;ssl=1 500w, https:\/\/i0.wp.com\/www.enfancejeunesse.mesquerquimiac.fr\/sejm\/wp-content\/uploads\/2020\/11\/Copie-de-ENFANCE-JEUNESSE.png?resize=300%2C300&amp;ssl=1 300w, https:\/\/i0.wp.com\/www.enfancejeunesse.mesquerquimiac.fr\/sejm\/wp-content\/uploads\/2020\/11\/Copie-de-ENFANCE-JEUNESSE.png?resize=150%2C150&amp;ssl=1 150w, https:\/\/i0.wp.com\/www.enfancejeunesse.mesquerquimiac.fr\/sejm\/wp-content\/uploads\/2020\/11\/Copie-de-ENFANCE-JEUNESSE.png?resize=160%2C160&amp;ssl=1 160w, https:\/\/i0.wp.com\/www.enfancejeunesse.mesquerquimiac.fr\/sejm\/wp-content\/uploads\/2020\/11\/Copie-de-ENFANCE-JEUNESSE.png?resize=240%2C240&amp;ssl=1 240w, https:\/\/i0.wp.com\/www.enfancejeunesse.mesquerquimiac.fr\/sejm\/wp-content\/uploads\/2020\/11\/Copie-de-ENFANCE-JEUNESSE.png?resize=60%2C60&amp;ssl=1 60w, https:\/\/i0.wp.com\/www.enfancejeunesse.mesquerquimiac.fr\/sejm\/wp-content\/uploads\/2020\/11\/Copie-de-ENFANCE-JEUNESSE.png?resize=184%2C184&amp;ssl=1 184w\" sizes=\"auto, (max-width: 500px) 100vw, 500px\" \/><\/a><\/figure>\n","protected":false},"excerpt":{"rendered":"<p>La pause&nbsp;m\u00e9ridienne :&nbsp; Un temps de restauration&nbsp;et un temps r\u00e9cr\u00e9atif Les objectifs p\u00e9dagogiques du projet&nbsp;: &#8211; Permettre \u00e0 l\u2019enfant d\u2019\u00eatre autonome et responsable de son temps de pause m\u00e9ridienne.&#8211; Favoriser l\u2019\u00e9change, le respect et le partage.&#8211; Respecter le rythme et les besoins de l\u2019enfant O\u00f9 ? Au restaurant municipal, dans les diff\u00e9rentes cours d&rsquo;\u00e9cole et [&hellip;]<\/p>\n","protected":false},"author":4,"featured_media":0,"parent":0,"menu_order":0,"comment_status":"closed","ping_status":"closed","template":"","meta":{"site-sidebar-layout":"default","site-content-layout":"default","ast-site-content-layout":"default","site-content-style":"default","site-sidebar-style":"default","ast-global-header-display":"","ast-banner-title-visibility":"","ast-main-header-display":"","ast-hfb-above-header-display":"","ast-hfb-below-header-display":"","ast-hfb-mobile-header-display":"","site-post-title":"","ast-breadcrumbs-content":"","ast-featured-img":"","footer-sml-layout":"","ast-disable-related-posts":"","theme-transparent-header-meta":"default","adv-header-id-meta":"","stick-header-meta":"","header-above-stick-meta":"","header-main-stick-meta":"","header-below-stick-meta":"","astra-migrate-meta-layouts":"set","ast-page-background-enabled":"default","ast-page-background-meta":{"desktop":{"background-color":"","background-image":"","background-repeat":"repeat","background-position":"center center","background-size":"auto","background-attachment":"scroll","background-type":"","background-media":"","overlay-type":"","overlay-color":"","overlay-opacity":"","overlay-gradient":""},"tablet":{"background-color":"","background-image":"","background-repeat":"repeat","background-position":"center center","background-size":"auto","background-attachment":"scroll","background-type":"","background-media":"","overlay-type":"","overlay-color":"","overlay-opacity":"","overlay-gradient":""},"mobile":{"background-color":"","background-image":"","background-repeat":"repeat","background-position":"center center","background-size":"auto","background-attachment":"scroll","background-type":"","background-media":"","overlay-type":"","overlay-color":"","overlay-opacity":"","overlay-gradient":""}},"ast-content-background-meta":{"desktop":{"background-color":"var(--ast-global-color-5)","background-image":"","background-repeat":"repeat","background-position":"center center","background-size":"auto","background-attachment":"scroll","background-type":"","background-media":"","overlay-type":"","overlay-color":"","overlay-opacity":"","overlay-gradient":""},"tablet":{"background-color":"var(--ast-global-color-5)","background-image":"","background-repeat":"repeat","background-position":"center center","background-size":"auto","background-attachment":"scroll","background-type":"","background-media":"","overlay-type":"","overlay-color":"","overlay-opacity":"","overlay-gradient":""},"mobile":{"background-color":"var(--ast-global-color-5)","background-image":"","background-repeat":"repeat","background-position":"center center","background-size":"auto","background-attachment":"scroll","background-type":"","background-media":"","overlay-type":"","overlay-color":"","overlay-opacity":"","overlay-gradient":""}},"ngg_post_thumbnail":0,"footnotes":""},"class_list":["post-1206","page","type-page","status-publish","hentry"],"aioseo_notices":[],"jetpack_sharing_enabled":true,"_links":{"self":[{"href":"https:\/\/www.enfancejeunesse.mesquerquimiac.fr\/index.php?rest_route=\/wp\/v2\/pages\/1206","targetHints":{"allow":["GET"]}}],"collection":[{"href":"https:\/\/www.enfancejeunesse.mesquerquimiac.fr\/index.php?rest_route=\/wp\/v2\/pages"}],"about":[{"href":"https:\/\/www.enfancejeunesse.mesquerquimiac.fr\/index.php?rest_route=\/wp\/v2\/types\/page"}],"author":[{"embeddable":true,"href":"https:\/\/www.enfancejeunesse.mesquerquimiac.fr\/index.php?rest_route=\/wp\/v2\/users\/4"}],"replies":[{"embeddable":true,"href":"https:\/\/www.enfancejeunesse.mesquerquimiac.fr\/index.php?rest_route=%2Fwp%2Fv2%2Fcomments&post=1206"}],"version-history":[{"count":31,"href":"https:\/\/www.enfancejeunesse.mesquerquimiac.fr\/index.php?rest_route=\/wp\/v2\/pages\/1206\/revisions"}],"predecessor-version":[{"id":8210,"href":"https:\/\/www.enfancejeunesse.mesquerquimiac.fr\/index.php?rest_route=\/wp\/v2\/pages\/1206\/revisions\/8210"}],"wp:attachment":[{"href":"https:\/\/www.enfancejeunesse.mesquerquimiac.fr\/index.php?rest_route=%2Fwp%2Fv2%2Fmedia&parent=1206"}],"curies":[{"name":"wp","href":"https:\/\/api.w.org\/{rel}","templated":true}]}}