{"id":1203,"date":"2015-11-30T11:00:42","date_gmt":"2015-11-30T10:00:42","guid":{"rendered":"http:\/\/www.enfancejeunesse.mesquerquimiac.fr\/?page_id=1203"},"modified":"2017-01-23T17:05:31","modified_gmt":"2017-01-23T16:05:31","slug":"assistantes-maternelles","status":"publish","type":"page","link":"https:\/\/www.enfancejeunesse.mesquerquimiac.fr\/?page_id=1203","title":{"rendered":"Assistantes Maternelles"},"content":{"rendered":"<p><strong>Point rencontre assistantes maternelles<\/strong><\/p>\n<p>Tous les mardis de 10h \u00e0 11h45, les assistantes maternelles de la commune se retrouvent \u00e0 l\u2019accueil de loisirs pour mettre en place des activit\u00e9s, des temps de rencontre entre les enfants et leurs assistantes maternelles.<br \/>\nCe temps fort chaque semaine favorise le lien entre les enfants qui apprennent \u00e0 se conna\u00eetre et \u00e0 vivre un temps d\u2019accueil collectif. Les assistantes maternelles organisent entre-elles la rencontre en \u00e9laborant un programme d\u2019animations.<br \/>\nLes parents isol\u00e9s et\/ou en cong\u00e9 parental ayant un enfant en bas \u00e2ge peuvent participer \u00e0 une de ces rencontres (date d\u00e9termin\u00e9e dans le programme).<br \/>\nLes assistantes maternelles proposent des activit\u00e9s diverses et vari\u00e9es telles que\u00a0: cuisine, bricolage, musique, danses, lecture (avec le renfort des b\u00e9n\u00e9voles de la Biblioth\u00e8que pour Tous), motricit\u00e9, temps libre, rencontre avec le P\u00e8re No\u00ebl, chasse aux \u0153ufs, etc.<\/p>\n<p>Le programme de ces animations est affich\u00e9 \u00e0 l\u2019accueil de loisirs.<\/p>\n<p><a href=\"http:\/\/www.enfancejeunesse.mesquerquimiac.fr\/?cat=126\" target=\"_blank\">Voir les photos des animations<\/a><\/p>\n","protected":false},"excerpt":{"rendered":"<p>Point rencontre assistantes maternelles Tous les mardis de 10h \u00e0 11h45, les assistantes maternelles de la commune se retrouvent \u00e0 l\u2019accueil de loisirs pour mettre en place des activit\u00e9s, des temps de rencontre entre les enfants et leurs assistantes maternelles. Ce temps fort chaque semaine favorise le lien entre les enfants qui apprennent \u00e0 se [&hellip;]<\/p>\n","protected":false},"author":91,"featured_media":0,"parent":0,"menu_order":0,"comment_status":"closed","ping_status":"closed","template":"","meta":{"site-sidebar-layout":"default","site-content-layout":"","ast-site-content-layout":"default","site-content-style":"default","site-sidebar-style":"default","ast-global-header-display":"","ast-banner-title-visibility":"","ast-main-header-display":"","ast-hfb-above-header-display":"","ast-hfb-below-header-display":"","ast-hfb-mobile-header-display":"","site-post-title":"","ast-breadcrumbs-content":"","ast-featured-img":"","footer-sml-layout":"","ast-disable-related-posts":"","theme-transparent-header-meta":"","adv-header-id-meta":"","stick-header-meta":"","header-above-stick-meta":"","header-main-stick-meta":"","header-below-stick-meta":"","astra-migrate-meta-layouts":"default","ast-page-background-enabled":"default","ast-page-background-meta":{"desktop":{"background-color":"","background-image":"","background-repeat":"repeat","background-position":"center center","background-size":"auto","background-attachment":"scroll","background-type":"","background-media":"","overlay-type":"","overlay-color":"","overlay-opacity":"","overlay-gradient":""},"tablet":{"background-color":"","background-image":"","background-repeat":"repeat","background-position":"center center","background-size":"auto","background-attachment":"scroll","background-type":"","background-media":"","overlay-type":"","overlay-color":"","overlay-opacity":"","overlay-gradient":""},"mobile":{"background-color":"","background-image":"","background-repeat":"repeat","background-position":"center center","background-size":"auto","background-attachment":"scroll","background-type":"","background-media":"","overlay-type":"","overlay-color":"","overlay-opacity":"","overlay-gradient":""}},"ast-content-background-meta":{"desktop":{"background-color":"var(--ast-global-color-5)","background-image":"","background-repeat":"repeat","background-position":"center center","background-size":"auto","background-attachment":"scroll","background-type":"","background-media":"","overlay-type":"","overlay-color":"","overlay-opacity":"","overlay-gradient":""},"tablet":{"background-color":"var(--ast-global-color-5)","background-image":"","background-repeat":"repeat","background-position":"center center","background-size":"auto","background-attachment":"scroll","background-type":"","background-media":"","overlay-type":"","overlay-color":"","overlay-opacity":"","overlay-gradient":""},"mobile":{"background-color":"var(--ast-global-color-5)","background-image":"","background-repeat":"repeat","background-position":"center center","background-size":"auto","background-attachment":"scroll","background-type":"","background-media":"","overlay-type":"","overlay-color":"","overlay-opacity":"","overlay-gradient":""}},"ngg_post_thumbnail":0,"footnotes":""},"class_list":["post-1203","page","type-page","status-publish","hentry"],"aioseo_notices":[],"jetpack_sharing_enabled":true,"_links":{"self":[{"href":"https:\/\/www.enfancejeunesse.mesquerquimiac.fr\/index.php?rest_route=\/wp\/v2\/pages\/1203","targetHints":{"allow":["GET"]}}],"collection":[{"href":"https:\/\/www.enfancejeunesse.mesquerquimiac.fr\/index.php?rest_route=\/wp\/v2\/pages"}],"about":[{"href":"https:\/\/www.enfancejeunesse.mesquerquimiac.fr\/index.php?rest_route=\/wp\/v2\/types\/page"}],"author":[{"embeddable":true,"href":"https:\/\/www.enfancejeunesse.mesquerquimiac.fr\/index.php?rest_route=\/wp\/v2\/users\/91"}],"replies":[{"embeddable":true,"href":"https:\/\/www.enfancejeunesse.mesquerquimiac.fr\/index.php?rest_route=%2Fwp%2Fv2%2Fcomments&post=1203"}],"version-history":[{"count":8,"href":"https:\/\/www.enfancejeunesse.mesquerquimiac.fr\/index.php?rest_route=\/wp\/v2\/pages\/1203\/revisions"}],"predecessor-version":[{"id":3082,"href":"https:\/\/www.enfancejeunesse.mesquerquimiac.fr\/index.php?rest_route=\/wp\/v2\/pages\/1203\/revisions\/3082"}],"wp:attachment":[{"href":"https:\/\/www.enfancejeunesse.mesquerquimiac.fr\/index.php?rest_route=%2Fwp%2Fv2%2Fmedia&parent=1203"}],"curies":[{"name":"wp","href":"https:\/\/api.w.org\/{rel}","templated":true}]}}