{"id":1201,"date":"2015-11-30T11:00:23","date_gmt":"2015-11-30T10:00:23","guid":{"rendered":"http:\/\/www.enfancejeunesse.mesquerquimiac.fr\/?page_id=1201"},"modified":"2024-09-12T09:07:12","modified_gmt":"2024-09-12T08:07:12","slug":"temps-dactivites-periscolaire","status":"publish","type":"page","link":"https:\/\/www.enfancejeunesse.mesquerquimiac.fr\/?page_id=1201","title":{"rendered":"TAP"},"content":{"rendered":"\n<figure class=\"wp-block-image size-full\"><a href=\"https:\/\/i0.wp.com\/www.enfancejeunesse.mesquerquimiac.fr\/sejm\/wp-content\/uploads\/2021\/08\/TAP-2020-2021-1.png?ssl=1\"><img data-recalc-dims=\"1\" loading=\"lazy\" decoding=\"async\" width=\"820\" height=\"312\" data-attachment-id=\"6296\" data-permalink=\"https:\/\/www.enfancejeunesse.mesquerquimiac.fr\/?attachment_id=6296\" data-orig-file=\"https:\/\/i0.wp.com\/www.enfancejeunesse.mesquerquimiac.fr\/sejm\/wp-content\/uploads\/2021\/08\/TAP-2020-2021-1.png?fit=820%2C312&amp;ssl=1\" data-orig-size=\"820,312\" data-comments-opened=\"0\" data-image-meta=\"{&quot;aperture&quot;:&quot;0&quot;,&quot;credit&quot;:&quot;&quot;,&quot;camera&quot;:&quot;&quot;,&quot;caption&quot;:&quot;&quot;,&quot;created_timestamp&quot;:&quot;0&quot;,&quot;copyright&quot;:&quot;&quot;,&quot;focal_length&quot;:&quot;0&quot;,&quot;iso&quot;:&quot;0&quot;,&quot;shutter_speed&quot;:&quot;0&quot;,&quot;title&quot;:&quot;&quot;,&quot;orientation&quot;:&quot;0&quot;}\" data-image-title=\"TAP 2020-2021 (1)\" data-image-description=\"\" data-image-caption=\"\" data-large-file=\"https:\/\/i0.wp.com\/www.enfancejeunesse.mesquerquimiac.fr\/sejm\/wp-content\/uploads\/2021\/08\/TAP-2020-2021-1.png?fit=820%2C312&amp;ssl=1\" src=\"https:\/\/i0.wp.com\/www.enfancejeunesse.mesquerquimiac.fr\/sejm\/wp-content\/uploads\/2021\/08\/TAP-2020-2021-1.png?resize=820%2C312&#038;ssl=1\" alt=\"\" class=\"wp-image-6296\" srcset=\"https:\/\/i0.wp.com\/www.enfancejeunesse.mesquerquimiac.fr\/sejm\/wp-content\/uploads\/2021\/08\/TAP-2020-2021-1.png?w=820&amp;ssl=1 820w, https:\/\/i0.wp.com\/www.enfancejeunesse.mesquerquimiac.fr\/sejm\/wp-content\/uploads\/2021\/08\/TAP-2020-2021-1.png?resize=300%2C114&amp;ssl=1 300w, https:\/\/i0.wp.com\/www.enfancejeunesse.mesquerquimiac.fr\/sejm\/wp-content\/uploads\/2021\/08\/TAP-2020-2021-1.png?resize=768%2C292&amp;ssl=1 768w\" sizes=\"auto, (max-width: 820px) 100vw, 820px\" \/><\/a><\/figure>\n\n\n<p>Les TAP (Temps d&rsquo;Activit\u00e9s P\u00e9riscolaires) ont lieu les Mardis et Vendredis de 15h00 \u00e0 16h30<\/p>\n<p>Les enfants inscrits aux TAP sont pr\u00e9sents de 15h \u00e0 16h30.<\/p>\n<p>L\u2019\u00e9quipe d\u2019animation propose un panel d\u2019activit\u00e9s ludiques, diversifi\u00e9es et au choix : bricolages, jeux collectifs, sports, danses, th\u00e9\u00e2tre, sciences, lecture,&nbsp; bricolage, dessins , jardin p\u00e9dagogique, projet de solidarit\u00e9, etc\u2026 Des intervenants ext\u00e9rieurs (Pierre Colinart, Biblioth\u00e8que pour tous&#8230;)<\/p>\n<p>Le programme des animations est propos\u00e9 directement aux enfants, chaque jour de TAP sur le temps du midi. Ainsi, ils choisissent eux-m\u00eames leurs animations en fonction de leur forme physique, de leur envie, de leur copain.<\/p>\n<p>L\u2019accueil des Grandes Sections (GS) se fait \u00e0 part des Petites Sections (PS) et des Moyennes Sections (MS). Les GS sont accueillis dans la \u00ab&nbsp;petite maison&nbsp;\u00bb de l\u2019\u00e9cole pour leurs activit\u00e9s.<\/p>\n<p>Les animateurs encadrent des groupes de 8 \u00e0 18 enfants, en fonction des activit\u00e9s. La moyenne \u00e9tant de 14 enfants par animateur.<\/p>\n<p>LES INSCRIPTIONS SONT OBLIGATOIRES LE JEUDI PR\u00c9C\u00c9DANT AVANT 12 H SUR&nbsp;<a href=\"https:\/\/espacefamille.aiga.fr\/3832065\">LE PORTAIL FAMILLE<\/a><br>Nous rappelons que tout d\u00e9sistement qui ne sera pas signal\u00e9 avant le jeudi pr\u00e9c\u00e9dant avant 12 h sera factur\u00e9, et que toute pr\u00e9sence non pr\u00e9vue sera factur\u00e9e avec augmentation de 50 % en plus du tarif.<\/p>\n<h4><strong>Tarifs <\/strong><\/h4>\n<ul>\n<li>TAP 1h30 : <span style=\"color: #993300;\">1.50\u20ac<\/span><\/li>\n<li style=\"text-align: justify;\">Enfant non inscrit : 2.25 \u20ac &nbsp; &nbsp; &nbsp; &nbsp; &nbsp; &nbsp;<\/li>\n<li style=\"text-align: justify;\">Enfant absent au TAP sans annulation d&rsquo;inscription : 1.50 \u20ac<\/li>\n<\/ul>\n<p>&nbsp;<\/p>","protected":false},"excerpt":{"rendered":"<p>Les TAP (Temps d&rsquo;Activit\u00e9s P\u00e9riscolaires) ont lieu les Mardis et Vendredis de 15h00 \u00e0 16h30 Les enfants inscrits aux TAP sont pr\u00e9sents de 15h \u00e0 16h30. L\u2019\u00e9quipe d\u2019animation propose un panel d\u2019activit\u00e9s ludiques, diversifi\u00e9es et au choix : bricolages, jeux collectifs, sports, danses, th\u00e9\u00e2tre, sciences, lecture,&nbsp; bricolage, dessins , jardin p\u00e9dagogique, projet de solidarit\u00e9, etc\u2026 [&hellip;]<\/p>\n","protected":false},"author":91,"featured_media":0,"parent":1194,"menu_order":0,"comment_status":"closed","ping_status":"closed","template":"","meta":{"site-sidebar-layout":"default","site-content-layout":"default","ast-site-content-layout":"default","site-content-style":"default","site-sidebar-style":"default","ast-global-header-display":"","ast-banner-title-visibility":"","ast-main-header-display":"","ast-hfb-above-header-display":"","ast-hfb-below-header-display":"","ast-hfb-mobile-header-display":"","site-post-title":"","ast-breadcrumbs-content":"","ast-featured-img":"","footer-sml-layout":"","ast-disable-related-posts":"","theme-transparent-header-meta":"default","adv-header-id-meta":"","stick-header-meta":"","header-above-stick-meta":"","header-main-stick-meta":"","header-below-stick-meta":"","astra-migrate-meta-layouts":"set","ast-page-background-enabled":"default","ast-page-background-meta":{"desktop":{"background-color":"","background-image":"","background-repeat":"repeat","background-position":"center center","background-size":"auto","background-attachment":"scroll","background-type":"","background-media":"","overlay-type":"","overlay-color":"","overlay-opacity":"","overlay-gradient":""},"tablet":{"background-color":"","background-image":"","background-repeat":"repeat","background-position":"center center","background-size":"auto","background-attachment":"scroll","background-type":"","background-media":"","overlay-type":"","overlay-color":"","overlay-opacity":"","overlay-gradient":""},"mobile":{"background-color":"","background-image":"","background-repeat":"repeat","background-position":"center center","background-size":"auto","background-attachment":"scroll","background-type":"","background-media":"","overlay-type":"","overlay-color":"","overlay-opacity":"","overlay-gradient":""}},"ast-content-background-meta":{"desktop":{"background-color":"var(--ast-global-color-5)","background-image":"","background-repeat":"repeat","background-position":"center center","background-size":"auto","background-attachment":"scroll","background-type":"","background-media":"","overlay-type":"","overlay-color":"","overlay-opacity":"","overlay-gradient":""},"tablet":{"background-color":"var(--ast-global-color-5)","background-image":"","background-repeat":"repeat","background-position":"center center","background-size":"auto","background-attachment":"scroll","background-type":"","background-media":"","overlay-type":"","overlay-color":"","overlay-opacity":"","overlay-gradient":""},"mobile":{"background-color":"var(--ast-global-color-5)","background-image":"","background-repeat":"repeat","background-position":"center center","background-size":"auto","background-attachment":"scroll","background-type":"","background-media":"","overlay-type":"","overlay-color":"","overlay-opacity":"","overlay-gradient":""}},"ngg_post_thumbnail":0,"footnotes":""},"class_list":["post-1201","page","type-page","status-publish","hentry"],"aioseo_notices":[],"jetpack_sharing_enabled":true,"_links":{"self":[{"href":"https:\/\/www.enfancejeunesse.mesquerquimiac.fr\/index.php?rest_route=\/wp\/v2\/pages\/1201","targetHints":{"allow":["GET"]}}],"collection":[{"href":"https:\/\/www.enfancejeunesse.mesquerquimiac.fr\/index.php?rest_route=\/wp\/v2\/pages"}],"about":[{"href":"https:\/\/www.enfancejeunesse.mesquerquimiac.fr\/index.php?rest_route=\/wp\/v2\/types\/page"}],"author":[{"embeddable":true,"href":"https:\/\/www.enfancejeunesse.mesquerquimiac.fr\/index.php?rest_route=\/wp\/v2\/users\/91"}],"replies":[{"embeddable":true,"href":"https:\/\/www.enfancejeunesse.mesquerquimiac.fr\/index.php?rest_route=%2Fwp%2Fv2%2Fcomments&post=1201"}],"version-history":[{"count":33,"href":"https:\/\/www.enfancejeunesse.mesquerquimiac.fr\/index.php?rest_route=\/wp\/v2\/pages\/1201\/revisions"}],"predecessor-version":[{"id":7832,"href":"https:\/\/www.enfancejeunesse.mesquerquimiac.fr\/index.php?rest_route=\/wp\/v2\/pages\/1201\/revisions\/7832"}],"up":[{"embeddable":true,"href":"https:\/\/www.enfancejeunesse.mesquerquimiac.fr\/index.php?rest_route=\/wp\/v2\/pages\/1194"}],"wp:attachment":[{"href":"https:\/\/www.enfancejeunesse.mesquerquimiac.fr\/index.php?rest_route=%2Fwp%2Fv2%2Fmedia&parent=1201"}],"curies":[{"name":"wp","href":"https:\/\/api.w.org\/{rel}","templated":true}]}}