{"id":1199,"date":"2015-11-30T11:00:00","date_gmt":"2015-11-30T10:00:00","guid":{"rendered":"http:\/\/www.enfancejeunesse.mesquerquimiac.fr\/?page_id=1199"},"modified":"2025-08-05T14:35:23","modified_gmt":"2025-08-05T13:35:23","slug":"accueil-periscolaire","status":"publish","type":"page","link":"https:\/\/www.enfancejeunesse.mesquerquimiac.fr\/?page_id=1199","title":{"rendered":"PERISCOLAIRE"},"content":{"rendered":"\n<figure class=\"wp-block-image size-full is-style-default\"><a href=\"https:\/\/i0.wp.com\/www.enfancejeunesse.mesquerquimiac.fr\/sejm\/wp-content\/uploads\/2021\/08\/alsh-2020-2021-1.png?ssl=1\"><img data-recalc-dims=\"1\" loading=\"lazy\" decoding=\"async\" width=\"820\" height=\"312\" data-attachment-id=\"6294\" data-permalink=\"https:\/\/www.enfancejeunesse.mesquerquimiac.fr\/?attachment_id=6294\" data-orig-file=\"https:\/\/i0.wp.com\/www.enfancejeunesse.mesquerquimiac.fr\/sejm\/wp-content\/uploads\/2021\/08\/alsh-2020-2021-1.png?fit=820%2C312&amp;ssl=1\" data-orig-size=\"820,312\" data-comments-opened=\"0\" data-image-meta=\"{&quot;aperture&quot;:&quot;0&quot;,&quot;credit&quot;:&quot;&quot;,&quot;camera&quot;:&quot;&quot;,&quot;caption&quot;:&quot;&quot;,&quot;created_timestamp&quot;:&quot;0&quot;,&quot;copyright&quot;:&quot;&quot;,&quot;focal_length&quot;:&quot;0&quot;,&quot;iso&quot;:&quot;0&quot;,&quot;shutter_speed&quot;:&quot;0&quot;,&quot;title&quot;:&quot;&quot;,&quot;orientation&quot;:&quot;0&quot;}\" data-image-title=\"alsh 2020-2021 (1)\" data-image-description=\"\" data-image-caption=\"\" data-large-file=\"https:\/\/i0.wp.com\/www.enfancejeunesse.mesquerquimiac.fr\/sejm\/wp-content\/uploads\/2021\/08\/alsh-2020-2021-1.png?fit=820%2C312&amp;ssl=1\" src=\"https:\/\/i0.wp.com\/www.enfancejeunesse.mesquerquimiac.fr\/sejm\/wp-content\/uploads\/2021\/08\/alsh-2020-2021-1.png?resize=820%2C312&#038;ssl=1\" alt=\"\" class=\"wp-image-6294\" srcset=\"https:\/\/i0.wp.com\/www.enfancejeunesse.mesquerquimiac.fr\/sejm\/wp-content\/uploads\/2021\/08\/alsh-2020-2021-1.png?w=820&amp;ssl=1 820w, https:\/\/i0.wp.com\/www.enfancejeunesse.mesquerquimiac.fr\/sejm\/wp-content\/uploads\/2021\/08\/alsh-2020-2021-1.png?resize=300%2C114&amp;ssl=1 300w, https:\/\/i0.wp.com\/www.enfancejeunesse.mesquerquimiac.fr\/sejm\/wp-content\/uploads\/2021\/08\/alsh-2020-2021-1.png?resize=768%2C292&amp;ssl=1 768w\" sizes=\"auto, (max-width: 820px) 100vw, 820px\" \/><\/a><\/figure>\n\n\n<p>Les enfants de l&rsquo;\u00e9cole publique H. CADOU, de&nbsp;la petite section au CM2 sont accueillis \u00e0 l&rsquo;APS tous les jours d&rsquo;\u00e9cole.<\/p>\n<p><strong>Les Horaires<br><\/strong><br>L&rsquo;APS est ouvert le matin le lundi, mardi jeudi et vendredi de 7h30 \u00e0 8h45 et le mercredi de 7h30 \u00e0 9h.<br>Le soir, l&rsquo;accueil est ouvert de 16h \u00e0 18h45, les lundis et jeudis et de 16h30 \u00e0 18h45 les mardis et vendredis.<\/p>\n<p><strong>S\u2019inscrire \u00e0&nbsp;l&rsquo;APS&nbsp;<\/strong><\/p>\n<p>LES INSCRIPTIONS SONT OBLIGATOIRES LE JEUDI PR\u00c9C\u00c9DANT AVANT 12 H SUR&nbsp;<a href=\"https:\/\/espacefamille.aiga.fr\/3832065\">LE PORTAIL FAMILLE<\/a><br>Nous rappelons que tout d\u00e9sistement qui ne sera pas signal\u00e9 avant le jeudi pr\u00e9c\u00e9dant avant 12 h sera factur\u00e9, et que toute pr\u00e9sence non pr\u00e9vue sera factur\u00e9e avec augmentation de 50 % en plus du tarif.<\/p>\n<h4>TARIFS APS<\/h4>\n<div>\n<table>\n<tbody>\n<tr>\n<td colspan=\"2\">ACCUEIL PERISCOLAIRE (APS)<\/td>\n<\/tr>\n<tr>\n<td>Taux d&rsquo;effort<\/td>\n<td>0,40%<\/td>\n<\/tr>\n<tr>\n<td>Tarif plancher&nbsp; &nbsp; &nbsp; &nbsp; &nbsp; &nbsp; &nbsp; &nbsp; &nbsp; &nbsp; &nbsp; &nbsp; &nbsp; &nbsp; &nbsp; &nbsp; &nbsp; &nbsp; &nbsp; &nbsp; &nbsp; &nbsp; &nbsp; &nbsp; &nbsp; &nbsp; &nbsp; &nbsp; &nbsp; L&rsquo;heure<\/td>\n<td>1,20 \u20ac<\/td>\n<\/tr>\n<tr>\n<td>Tarif plafond&nbsp; &nbsp; &nbsp; &nbsp; &nbsp; &nbsp; &nbsp; &nbsp; &nbsp; &nbsp; &nbsp; &nbsp; &nbsp; &nbsp; &nbsp; &nbsp; &nbsp; &nbsp; &nbsp; &nbsp; &nbsp; &nbsp; &nbsp; &nbsp; &nbsp; &nbsp; &nbsp; &nbsp; &nbsp; &nbsp; L&rsquo;heure<\/td>\n<td>3,50 \u20ac<\/td>\n<\/tr>\n<tr>\n<td>Prix go\u00fbter<\/td>\n<td>0,80 \u20ac<\/td>\n<\/tr>\n<tr>\n<td>Toute \u00bd heure commenc\u00e9e est due<\/td>\n<td>&nbsp;<\/td>\n<\/tr>\n<tr>\n<td>En cas de retard apr\u00e8s l&rsquo;heure de fermeture : 1\/4 d&rsquo;heure factur\u00e9 +<\/td>\n<td>2,50 \u20ac<\/td>\n<\/tr>\n<tr>\n<td colspan=\"2\">Enfant non r\u00e9serv\u00e9 mais pr\u00e9sent \u00e0 l\u2019APS = le tarif de la 1\u00e8re \u00bd heure est doubl\u00e9 sauf le go\u00fbter<\/td>\n<\/tr>\n<tr>\n<td>Enfant inscrit \u00e0 l\u2019Accueil mais absent&nbsp;: paiement d\u2019une heure d\u2019APS au tarif normal<\/td>\n<td>&nbsp;<\/td>\n<\/tr>\n<tr>\n<td colspan=\"2\">Le temps de pr\u00e9sence de l\u2019enfant aux activit\u00e9s multisports dans le cadre de l\u2019APS est gratuit&nbsp;<\/td>\n<\/tr>\n<\/tbody>\n<\/table>\n<p>&nbsp;<\/p>\n<\/div>\n\n\n<ul class=\"wp-block-list\">\n<li><\/li>\n<\/ul>\n","protected":false},"excerpt":{"rendered":"<p>Les enfants de l&rsquo;\u00e9cole publique H. CADOU, de&nbsp;la petite section au CM2 sont accueillis \u00e0 l&rsquo;APS tous les jours d&rsquo;\u00e9cole. Les HorairesL&rsquo;APS est ouvert le matin le lundi, mardi jeudi et vendredi de 7h30 \u00e0 8h45 et le mercredi de 7h30 \u00e0 9h.Le soir, l&rsquo;accueil est ouvert de 16h \u00e0 18h45, les lundis et jeudis [&hellip;]<\/p>\n","protected":false},"author":91,"featured_media":0,"parent":1194,"menu_order":0,"comment_status":"closed","ping_status":"closed","template":"","meta":{"site-sidebar-layout":"default","site-content-layout":"default","ast-site-content-layout":"default","site-content-style":"default","site-sidebar-style":"default","ast-global-header-display":"","ast-banner-title-visibility":"","ast-main-header-display":"","ast-hfb-above-header-display":"","ast-hfb-below-header-display":"","ast-hfb-mobile-header-display":"","site-post-title":"","ast-breadcrumbs-content":"","ast-featured-img":"","footer-sml-layout":"","ast-disable-related-posts":"","theme-transparent-header-meta":"default","adv-header-id-meta":"","stick-header-meta":"","header-above-stick-meta":"","header-main-stick-meta":"","header-below-stick-meta":"","astra-migrate-meta-layouts":"set","ast-page-background-enabled":"default","ast-page-background-meta":{"desktop":{"background-color":"","background-image":"","background-repeat":"repeat","background-position":"center center","background-size":"auto","background-attachment":"scroll","background-type":"","background-media":"","overlay-type":"","overlay-color":"","overlay-opacity":"","overlay-gradient":""},"tablet":{"background-color":"","background-image":"","background-repeat":"repeat","background-position":"center center","background-size":"auto","background-attachment":"scroll","background-type":"","background-media":"","overlay-type":"","overlay-color":"","overlay-opacity":"","overlay-gradient":""},"mobile":{"background-color":"","background-image":"","background-repeat":"repeat","background-position":"center center","background-size":"auto","background-attachment":"scroll","background-type":"","background-media":"","overlay-type":"","overlay-color":"","overlay-opacity":"","overlay-gradient":""}},"ast-content-background-meta":{"desktop":{"background-color":"var(--ast-global-color-5)","background-image":"","background-repeat":"repeat","background-position":"center center","background-size":"auto","background-attachment":"scroll","background-type":"","background-media":"","overlay-type":"","overlay-color":"","overlay-opacity":"","overlay-gradient":""},"tablet":{"background-color":"var(--ast-global-color-5)","background-image":"","background-repeat":"repeat","background-position":"center center","background-size":"auto","background-attachment":"scroll","background-type":"","background-media":"","overlay-type":"","overlay-color":"","overlay-opacity":"","overlay-gradient":""},"mobile":{"background-color":"var(--ast-global-color-5)","background-image":"","background-repeat":"repeat","background-position":"center center","background-size":"auto","background-attachment":"scroll","background-type":"","background-media":"","overlay-type":"","overlay-color":"","overlay-opacity":"","overlay-gradient":""}},"ngg_post_thumbnail":0,"footnotes":""},"class_list":["post-1199","page","type-page","status-publish","hentry"],"aioseo_notices":[],"jetpack_sharing_enabled":true,"_links":{"self":[{"href":"https:\/\/www.enfancejeunesse.mesquerquimiac.fr\/index.php?rest_route=\/wp\/v2\/pages\/1199","targetHints":{"allow":["GET"]}}],"collection":[{"href":"https:\/\/www.enfancejeunesse.mesquerquimiac.fr\/index.php?rest_route=\/wp\/v2\/pages"}],"about":[{"href":"https:\/\/www.enfancejeunesse.mesquerquimiac.fr\/index.php?rest_route=\/wp\/v2\/types\/page"}],"author":[{"embeddable":true,"href":"https:\/\/www.enfancejeunesse.mesquerquimiac.fr\/index.php?rest_route=\/wp\/v2\/users\/91"}],"replies":[{"embeddable":true,"href":"https:\/\/www.enfancejeunesse.mesquerquimiac.fr\/index.php?rest_route=%2Fwp%2Fv2%2Fcomments&post=1199"}],"version-history":[{"count":36,"href":"https:\/\/www.enfancejeunesse.mesquerquimiac.fr\/index.php?rest_route=\/wp\/v2\/pages\/1199\/revisions"}],"predecessor-version":[{"id":8208,"href":"https:\/\/www.enfancejeunesse.mesquerquimiac.fr\/index.php?rest_route=\/wp\/v2\/pages\/1199\/revisions\/8208"}],"up":[{"embeddable":true,"href":"https:\/\/www.enfancejeunesse.mesquerquimiac.fr\/index.php?rest_route=\/wp\/v2\/pages\/1194"}],"wp:attachment":[{"href":"https:\/\/www.enfancejeunesse.mesquerquimiac.fr\/index.php?rest_route=%2Fwp%2Fv2%2Fmedia&parent=1199"}],"curies":[{"name":"wp","href":"https:\/\/api.w.org\/{rel}","templated":true}]}}