{"id":1197,"date":"2017-01-30T10:59:31","date_gmt":"2017-01-30T09:59:31","guid":{"rendered":"http:\/\/www.enfancejeunesse.mesquerquimiac.fr\/?page_id=1197"},"modified":"2025-08-05T14:40:58","modified_gmt":"2025-08-05T13:40:58","slug":"accueil-de-loisirs-sans-hebergement","status":"publish","type":"page","link":"https:\/\/www.enfancejeunesse.mesquerquimiac.fr\/?page_id=1197","title":{"rendered":"ALSH MERCREDI ET VACANCES"},"content":{"rendered":"\n<figure class=\"wp-block-image size-full is-resized is-style-default\"><a href=\"https:\/\/i0.wp.com\/www.enfancejeunesse.mesquerquimiac.fr\/sejm\/wp-content\/uploads\/2021\/08\/alsh-2020-2021.png?ssl=1\"><img data-recalc-dims=\"1\" loading=\"lazy\" decoding=\"async\" width=\"820\" height=\"312\" data-attachment-id=\"6293\" data-permalink=\"https:\/\/www.enfancejeunesse.mesquerquimiac.fr\/?attachment_id=6293\" data-orig-file=\"https:\/\/i0.wp.com\/www.enfancejeunesse.mesquerquimiac.fr\/sejm\/wp-content\/uploads\/2021\/08\/alsh-2020-2021.png?fit=820%2C312&amp;ssl=1\" data-orig-size=\"820,312\" data-comments-opened=\"0\" data-image-meta=\"{&quot;aperture&quot;:&quot;0&quot;,&quot;credit&quot;:&quot;&quot;,&quot;camera&quot;:&quot;&quot;,&quot;caption&quot;:&quot;&quot;,&quot;created_timestamp&quot;:&quot;0&quot;,&quot;copyright&quot;:&quot;&quot;,&quot;focal_length&quot;:&quot;0&quot;,&quot;iso&quot;:&quot;0&quot;,&quot;shutter_speed&quot;:&quot;0&quot;,&quot;title&quot;:&quot;&quot;,&quot;orientation&quot;:&quot;0&quot;}\" data-image-title=\"alsh 2020-2021\" data-image-description=\"\" data-image-caption=\"\" data-large-file=\"https:\/\/i0.wp.com\/www.enfancejeunesse.mesquerquimiac.fr\/sejm\/wp-content\/uploads\/2021\/08\/alsh-2020-2021.png?fit=820%2C312&amp;ssl=1\" src=\"https:\/\/i0.wp.com\/www.enfancejeunesse.mesquerquimiac.fr\/sejm\/wp-content\/uploads\/2021\/08\/alsh-2020-2021.png?resize=820%2C312&#038;ssl=1\" alt=\"\" class=\"wp-image-6293\" style=\"width:864px;height:329px\" srcset=\"https:\/\/i0.wp.com\/www.enfancejeunesse.mesquerquimiac.fr\/sejm\/wp-content\/uploads\/2021\/08\/alsh-2020-2021.png?w=820&amp;ssl=1 820w, https:\/\/i0.wp.com\/www.enfancejeunesse.mesquerquimiac.fr\/sejm\/wp-content\/uploads\/2021\/08\/alsh-2020-2021.png?resize=300%2C114&amp;ssl=1 300w, https:\/\/i0.wp.com\/www.enfancejeunesse.mesquerquimiac.fr\/sejm\/wp-content\/uploads\/2021\/08\/alsh-2020-2021.png?resize=768%2C292&amp;ssl=1 768w\" sizes=\"auto, (max-width: 820px) 100vw, 820px\" \/><\/a><\/figure>\n\n\n\n<h2 class=\"wp-block-heading\">De 3 \u00e0 12 ans<\/h2>\n\n\n\n<h3 class=\"wp-block-heading\">Pendant les vacances<\/h3>\n\n\n\n<p>Les enfants sont accueillis \u00e0 la journ\u00e9e avec ou sans repas, ou \u00e0 la demi journ\u00e9e avec ou sans repas.<\/p>\n\n\n\n<figure class=\"wp-block-image size-large is-resized\"><img data-recalc-dims=\"1\" loading=\"lazy\" decoding=\"async\" width=\"724\" height=\"1024\" data-attachment-id=\"8068\" data-permalink=\"https:\/\/www.enfancejeunesse.mesquerquimiac.fr\/?attachment_id=8068\" data-orig-file=\"https:\/\/i0.wp.com\/www.enfancejeunesse.mesquerquimiac.fr\/sejm\/wp-content\/uploads\/2025\/04\/Mercredis-avril-a-juillet-2-1.png?fit=848%2C1200&amp;ssl=1\" data-orig-size=\"848,1200\" data-comments-opened=\"0\" data-image-meta=\"{&quot;aperture&quot;:&quot;0&quot;,&quot;credit&quot;:&quot;&quot;,&quot;camera&quot;:&quot;&quot;,&quot;caption&quot;:&quot;&quot;,&quot;created_timestamp&quot;:&quot;0&quot;,&quot;copyright&quot;:&quot;&quot;,&quot;focal_length&quot;:&quot;0&quot;,&quot;iso&quot;:&quot;0&quot;,&quot;shutter_speed&quot;:&quot;0&quot;,&quot;title&quot;:&quot;&quot;,&quot;orientation&quot;:&quot;0&quot;}\" data-image-title=\"Mercredis avril \u00e0 juillet (2)\" data-image-description=\"\" data-image-caption=\"\" data-large-file=\"https:\/\/i0.wp.com\/www.enfancejeunesse.mesquerquimiac.fr\/sejm\/wp-content\/uploads\/2025\/04\/Mercredis-avril-a-juillet-2-1.png?fit=724%2C1024&amp;ssl=1\" src=\"https:\/\/i0.wp.com\/www.enfancejeunesse.mesquerquimiac.fr\/sejm\/wp-content\/uploads\/2025\/04\/Mercredis-avril-a-juillet-2-1.png?resize=724%2C1024&#038;ssl=1\" alt=\"\" class=\"wp-image-8068\" style=\"width:845px;height:1195px\" srcset=\"https:\/\/i0.wp.com\/www.enfancejeunesse.mesquerquimiac.fr\/sejm\/wp-content\/uploads\/2025\/04\/Mercredis-avril-a-juillet-2-1.png?resize=724%2C1024&amp;ssl=1 724w, https:\/\/i0.wp.com\/www.enfancejeunesse.mesquerquimiac.fr\/sejm\/wp-content\/uploads\/2025\/04\/Mercredis-avril-a-juillet-2-1.png?resize=212%2C300&amp;ssl=1 212w, https:\/\/i0.wp.com\/www.enfancejeunesse.mesquerquimiac.fr\/sejm\/wp-content\/uploads\/2025\/04\/Mercredis-avril-a-juillet-2-1.png?resize=768%2C1087&amp;ssl=1 768w, https:\/\/i0.wp.com\/www.enfancejeunesse.mesquerquimiac.fr\/sejm\/wp-content\/uploads\/2025\/04\/Mercredis-avril-a-juillet-2-1.png?w=848&amp;ssl=1 848w\" sizes=\"auto, (max-width: 724px) 100vw, 724px\" \/><\/figure>\n\n\n\n<h3 class=\"wp-block-heading\">Les mercredis apr\u00e8s-midi<\/h3>\n\n\n\n<p>Les enfants sont accueillis \u00e0 la demi journ\u00e9e  avec ou sans repas, les enfants peuvent uniquement d\u00e9jeuner au Restaurant scolaire, dans ce cas exceptionnel, le tarif du repas est major\u00e9 de 50 % <\/p>\n\n\n\n<figure class=\"wp-block-image size-large is-resized\"><img data-recalc-dims=\"1\" loading=\"lazy\" decoding=\"async\" width=\"1024\" height=\"576\" data-attachment-id=\"7076\" data-permalink=\"https:\/\/www.enfancejeunesse.mesquerquimiac.fr\/?attachment_id=7076\" data-orig-file=\"https:\/\/i0.wp.com\/www.enfancejeunesse.mesquerquimiac.fr\/sejm\/wp-content\/uploads\/2022\/08\/1-1.png?fit=1200%2C675&amp;ssl=1\" data-orig-size=\"1200,675\" data-comments-opened=\"0\" data-image-meta=\"{&quot;aperture&quot;:&quot;0&quot;,&quot;credit&quot;:&quot;&quot;,&quot;camera&quot;:&quot;&quot;,&quot;caption&quot;:&quot;&quot;,&quot;created_timestamp&quot;:&quot;0&quot;,&quot;copyright&quot;:&quot;&quot;,&quot;focal_length&quot;:&quot;0&quot;,&quot;iso&quot;:&quot;0&quot;,&quot;shutter_speed&quot;:&quot;0&quot;,&quot;title&quot;:&quot;&quot;,&quot;orientation&quot;:&quot;0&quot;}\" data-image-title=\"1-1\" data-image-description=\"\" data-image-caption=\"\" data-large-file=\"https:\/\/i0.wp.com\/www.enfancejeunesse.mesquerquimiac.fr\/sejm\/wp-content\/uploads\/2022\/08\/1-1.png?fit=1024%2C576&amp;ssl=1\" src=\"https:\/\/i0.wp.com\/www.enfancejeunesse.mesquerquimiac.fr\/sejm\/wp-content\/uploads\/2022\/08\/1-1.png?resize=1024%2C576&#038;ssl=1\" alt=\"\" class=\"wp-image-7076\" style=\"width:949px;height:534px\" srcset=\"https:\/\/i0.wp.com\/www.enfancejeunesse.mesquerquimiac.fr\/sejm\/wp-content\/uploads\/2022\/08\/1-1.png?resize=1024%2C576&amp;ssl=1 1024w, https:\/\/i0.wp.com\/www.enfancejeunesse.mesquerquimiac.fr\/sejm\/wp-content\/uploads\/2022\/08\/1-1.png?resize=300%2C169&amp;ssl=1 300w, https:\/\/i0.wp.com\/www.enfancejeunesse.mesquerquimiac.fr\/sejm\/wp-content\/uploads\/2022\/08\/1-1.png?resize=768%2C432&amp;ssl=1 768w, https:\/\/i0.wp.com\/www.enfancejeunesse.mesquerquimiac.fr\/sejm\/wp-content\/uploads\/2022\/08\/1-1.png?w=1200&amp;ssl=1 1200w\" sizes=\"auto, (max-width: 1000px) 100vw, 1000px\" \/><\/figure>\n\n\n\n<figure class=\"wp-block-image size-large is-resized\"><img data-recalc-dims=\"1\" loading=\"lazy\" decoding=\"async\" width=\"1024\" height=\"576\" data-attachment-id=\"7078\" data-permalink=\"https:\/\/www.enfancejeunesse.mesquerquimiac.fr\/?attachment_id=7078\" data-orig-file=\"https:\/\/i0.wp.com\/www.enfancejeunesse.mesquerquimiac.fr\/sejm\/wp-content\/uploads\/2022\/08\/2-1.png?fit=1200%2C675&amp;ssl=1\" data-orig-size=\"1200,675\" data-comments-opened=\"0\" data-image-meta=\"{&quot;aperture&quot;:&quot;0&quot;,&quot;credit&quot;:&quot;&quot;,&quot;camera&quot;:&quot;&quot;,&quot;caption&quot;:&quot;&quot;,&quot;created_timestamp&quot;:&quot;0&quot;,&quot;copyright&quot;:&quot;&quot;,&quot;focal_length&quot;:&quot;0&quot;,&quot;iso&quot;:&quot;0&quot;,&quot;shutter_speed&quot;:&quot;0&quot;,&quot;title&quot;:&quot;&quot;,&quot;orientation&quot;:&quot;0&quot;}\" data-image-title=\"2-1\" data-image-description=\"\" data-image-caption=\"\" data-large-file=\"https:\/\/i0.wp.com\/www.enfancejeunesse.mesquerquimiac.fr\/sejm\/wp-content\/uploads\/2022\/08\/2-1.png?fit=1024%2C576&amp;ssl=1\" src=\"https:\/\/i0.wp.com\/www.enfancejeunesse.mesquerquimiac.fr\/sejm\/wp-content\/uploads\/2022\/08\/2-1.png?resize=1024%2C576&#038;ssl=1\" alt=\"\" class=\"wp-image-7078\" style=\"width:950px;height:534px\" srcset=\"https:\/\/i0.wp.com\/www.enfancejeunesse.mesquerquimiac.fr\/sejm\/wp-content\/uploads\/2022\/08\/2-1.png?resize=1024%2C576&amp;ssl=1 1024w, https:\/\/i0.wp.com\/www.enfancejeunesse.mesquerquimiac.fr\/sejm\/wp-content\/uploads\/2022\/08\/2-1.png?resize=300%2C169&amp;ssl=1 300w, https:\/\/i0.wp.com\/www.enfancejeunesse.mesquerquimiac.fr\/sejm\/wp-content\/uploads\/2022\/08\/2-1.png?resize=768%2C432&amp;ssl=1 768w, https:\/\/i0.wp.com\/www.enfancejeunesse.mesquerquimiac.fr\/sejm\/wp-content\/uploads\/2022\/08\/2-1.png?w=1200&amp;ssl=1 1200w\" sizes=\"auto, (max-width: 1000px) 100vw, 1000px\" \/><\/figure>\n\n\n\n<h2 class=\"wp-block-heading\">Modalit\u00e9s<\/h2>\n\n\n\n<figure class=\"wp-block-image size-large is-resized\"><img data-recalc-dims=\"1\" loading=\"lazy\" decoding=\"async\" width=\"724\" height=\"1024\" data-attachment-id=\"7224\" data-permalink=\"https:\/\/www.enfancejeunesse.mesquerquimiac.fr\/?attachment_id=7224\" data-orig-file=\"https:\/\/i0.wp.com\/www.enfancejeunesse.mesquerquimiac.fr\/sejm\/wp-content\/uploads\/2023\/02\/tarifs-alsh-2023.png?fit=848%2C1200&amp;ssl=1\" data-orig-size=\"848,1200\" data-comments-opened=\"0\" data-image-meta=\"{&quot;aperture&quot;:&quot;0&quot;,&quot;credit&quot;:&quot;&quot;,&quot;camera&quot;:&quot;&quot;,&quot;caption&quot;:&quot;&quot;,&quot;created_timestamp&quot;:&quot;0&quot;,&quot;copyright&quot;:&quot;&quot;,&quot;focal_length&quot;:&quot;0&quot;,&quot;iso&quot;:&quot;0&quot;,&quot;shutter_speed&quot;:&quot;0&quot;,&quot;title&quot;:&quot;&quot;,&quot;orientation&quot;:&quot;0&quot;}\" data-image-title=\"tarifs-alsh-2023\" data-image-description=\"\" data-image-caption=\"\" data-large-file=\"https:\/\/i0.wp.com\/www.enfancejeunesse.mesquerquimiac.fr\/sejm\/wp-content\/uploads\/2023\/02\/tarifs-alsh-2023.png?fit=724%2C1024&amp;ssl=1\" src=\"https:\/\/i0.wp.com\/www.enfancejeunesse.mesquerquimiac.fr\/sejm\/wp-content\/uploads\/2023\/02\/tarifs-alsh-2023.png?resize=724%2C1024&#038;ssl=1\" alt=\"\" class=\"wp-image-7224\" style=\"width:944px;height:1335px\" srcset=\"https:\/\/i0.wp.com\/www.enfancejeunesse.mesquerquimiac.fr\/sejm\/wp-content\/uploads\/2023\/02\/tarifs-alsh-2023.png?resize=724%2C1024&amp;ssl=1 724w, https:\/\/i0.wp.com\/www.enfancejeunesse.mesquerquimiac.fr\/sejm\/wp-content\/uploads\/2023\/02\/tarifs-alsh-2023.png?resize=212%2C300&amp;ssl=1 212w, https:\/\/i0.wp.com\/www.enfancejeunesse.mesquerquimiac.fr\/sejm\/wp-content\/uploads\/2023\/02\/tarifs-alsh-2023.png?resize=768%2C1087&amp;ssl=1 768w, https:\/\/i0.wp.com\/www.enfancejeunesse.mesquerquimiac.fr\/sejm\/wp-content\/uploads\/2023\/02\/tarifs-alsh-2023.png?w=848&amp;ssl=1 848w\" sizes=\"auto, (max-width: 724px) 100vw, 724px\" \/><\/figure>\n\n\n\n<p class=\"has-text-align-left\"><br>LES INSCRIPTIONS SONT OBLIGATOIRES LE JEUDI PR\u00c9C\u00c9DANT AVANT 12 H SUR <a href=\"https:\/\/espacefamille.aiga.fr\/3832065\">LE PORTAIL FAMILLE<\/a><br>Nous rappelons que tout d\u00e9sistement qui ne sera pas signal\u00e9 avant le jeudi pr\u00e9c\u00e9dant avant 12 h sera factur\u00e9, et que toute pr\u00e9sence non pr\u00e9vue sera factur\u00e9e avec augmentation de 50 % en plus du tarif.<\/p>\n\n\n\n<ul class=\"wp-block-list\">\n<li> Les tarifs sont vot\u00e9s en journ\u00e9e et peuvent \u00eatre divis\u00e9s en \u00bd journ\u00e9e &nbsp; <\/li>\n\n\n\n<li>Le TE est appliqu\u00e9 aux familles justifiant d\u2019une affiliation \u00e0 l\u2019une des Caisses d\u2019Allocations Familiales (CAF de Loire Atlantique, MSA, CAFM) &nbsp; <\/li>\n\n\n\n<li>Les parents travaillant sur la commune b\u00e9n\u00e9ficient des tarifs au TE sur justificatif de leur employeur &nbsp; <\/li>\n\n\n\n<li>R\u00e9duction de tarif \u00e0 partir du 2<sup>\u00e8me<\/sup> enfant inscrit de la m\u00eame famille (fratrie) en pr\u00e9sence simultan\u00e9ment&nbsp;: -10% pour le 2<sup>\u00e8me<\/sup> enfant inscrit, 15% \u00e0 partir du 3<sup>\u00e8me&nbsp;<\/sup> et uniquement sur les temps de pr\u00e9sences simultan\u00e9es, du plus \u00e2g\u00e9 au plus jeune. &nbsp; <\/li>\n\n\n\n<li>Le paiement des inscriptions est d\u00fb, sauf \u00e9v\u00e8nement familial grave, sur justificatif et sauf pr\u00e9sentation d\u2019un certificat m\u00e9dical ou ordonnance du m\u00e9decin, dans les 72 heures de l\u2019absence signal\u00e9e ou d\u00e9sinscription sur place, par courriel, et via le portail famille&nbsp; Ino\u00e9 \u00e0 la condition suivante&nbsp;: &nbsp;  Pour les mercredis&nbsp;et vacances scolaires : inscriptions\/ annulations au plus tard le jeudi pr\u00e9c\u00e9dant avant 12h &nbsp; <\/li>\n\n\n\n<li>Enfant inscrit mais absent sans justificatif&nbsp; : Montant de l&rsquo;inscription d\u00fb (hors repas et go\u00fbter) &nbsp; Enfant pr\u00e9sent sans r\u00e9servation dans les d\u00e9lais : +50% des temps de pr\u00e9sence<\/li>\n<\/ul>\n","protected":false},"excerpt":{"rendered":"<p>De 3 \u00e0 12 ans Pendant les vacances Les enfants sont accueillis \u00e0 la journ\u00e9e avec ou sans repas, ou \u00e0 la demi journ\u00e9e avec ou sans repas. Les mercredis apr\u00e8s-midi Les enfants sont accueillis \u00e0 la demi journ\u00e9e avec ou sans repas, les enfants peuvent uniquement d\u00e9jeuner au Restaurant scolaire, dans ce cas exceptionnel, [&hellip;]<\/p>\n","protected":false},"author":91,"featured_media":0,"parent":1194,"menu_order":0,"comment_status":"closed","ping_status":"closed","template":"","meta":{"site-sidebar-layout":"default","site-content-layout":"default","ast-site-content-layout":"default","site-content-style":"default","site-sidebar-style":"default","ast-global-header-display":"","ast-banner-title-visibility":"","ast-main-header-display":"","ast-hfb-above-header-display":"","ast-hfb-below-header-display":"","ast-hfb-mobile-header-display":"","site-post-title":"","ast-breadcrumbs-content":"","ast-featured-img":"","footer-sml-layout":"","ast-disable-related-posts":"","theme-transparent-header-meta":"default","adv-header-id-meta":"","stick-header-meta":"","header-above-stick-meta":"","header-main-stick-meta":"","header-below-stick-meta":"","astra-migrate-meta-layouts":"set","ast-page-background-enabled":"default","ast-page-background-meta":{"desktop":{"background-color":"","background-image":"","background-repeat":"repeat","background-position":"center center","background-size":"auto","background-attachment":"scroll","background-type":"","background-media":"","overlay-type":"","overlay-color":"","overlay-opacity":"","overlay-gradient":""},"tablet":{"background-color":"","background-image":"","background-repeat":"repeat","background-position":"center center","background-size":"auto","background-attachment":"scroll","background-type":"","background-media":"","overlay-type":"","overlay-color":"","overlay-opacity":"","overlay-gradient":""},"mobile":{"background-color":"","background-image":"","background-repeat":"repeat","background-position":"center center","background-size":"auto","background-attachment":"scroll","background-type":"","background-media":"","overlay-type":"","overlay-color":"","overlay-opacity":"","overlay-gradient":""}},"ast-content-background-meta":{"desktop":{"background-color":"var(--ast-global-color-5)","background-image":"","background-repeat":"repeat","background-position":"center center","background-size":"auto","background-attachment":"scroll","background-type":"","background-media":"","overlay-type":"","overlay-color":"","overlay-opacity":"","overlay-gradient":""},"tablet":{"background-color":"var(--ast-global-color-5)","background-image":"","background-repeat":"repeat","background-position":"center center","background-size":"auto","background-attachment":"scroll","background-type":"","background-media":"","overlay-type":"","overlay-color":"","overlay-opacity":"","overlay-gradient":""},"mobile":{"background-color":"var(--ast-global-color-5)","background-image":"","background-repeat":"repeat","background-position":"center center","background-size":"auto","background-attachment":"scroll","background-type":"","background-media":"","overlay-type":"","overlay-color":"","overlay-opacity":"","overlay-gradient":""}},"ngg_post_thumbnail":0,"footnotes":""},"class_list":["post-1197","page","type-page","status-publish","hentry"],"aioseo_notices":[],"jetpack_sharing_enabled":true,"_links":{"self":[{"href":"https:\/\/www.enfancejeunesse.mesquerquimiac.fr\/index.php?rest_route=\/wp\/v2\/pages\/1197","targetHints":{"allow":["GET"]}}],"collection":[{"href":"https:\/\/www.enfancejeunesse.mesquerquimiac.fr\/index.php?rest_route=\/wp\/v2\/pages"}],"about":[{"href":"https:\/\/www.enfancejeunesse.mesquerquimiac.fr\/index.php?rest_route=\/wp\/v2\/types\/page"}],"author":[{"embeddable":true,"href":"https:\/\/www.enfancejeunesse.mesquerquimiac.fr\/index.php?rest_route=\/wp\/v2\/users\/91"}],"replies":[{"embeddable":true,"href":"https:\/\/www.enfancejeunesse.mesquerquimiac.fr\/index.php?rest_route=%2Fwp%2Fv2%2Fcomments&post=1197"}],"version-history":[{"count":36,"href":"https:\/\/www.enfancejeunesse.mesquerquimiac.fr\/index.php?rest_route=\/wp\/v2\/pages\/1197\/revisions"}],"predecessor-version":[{"id":8211,"href":"https:\/\/www.enfancejeunesse.mesquerquimiac.fr\/index.php?rest_route=\/wp\/v2\/pages\/1197\/revisions\/8211"}],"up":[{"embeddable":true,"href":"https:\/\/www.enfancejeunesse.mesquerquimiac.fr\/index.php?rest_route=\/wp\/v2\/pages\/1194"}],"wp:attachment":[{"href":"https:\/\/www.enfancejeunesse.mesquerquimiac.fr\/index.php?rest_route=%2Fwp%2Fv2%2Fmedia&parent=1197"}],"curies":[{"name":"wp","href":"https:\/\/api.w.org\/{rel}","templated":true}]}}