{"id":1132,"date":"2015-11-29T22:53:43","date_gmt":"2015-11-29T21:53:43","guid":{"rendered":"http:\/\/www.enfancejeunesse.mesquerquimiac.fr\/?page_id=1132"},"modified":"2026-03-26T16:49:25","modified_gmt":"2026-03-26T15:49:25","slug":"espace-jeunes-2","status":"publish","type":"page","link":"https:\/\/www.enfancejeunesse.mesquerquimiac.fr\/?page_id=1132","title":{"rendered":"ESPACE JEUNES"},"content":{"rendered":"\n<figure class=\"wp-block-image size-full is-style-default\"><a href=\"https:\/\/i0.wp.com\/www.enfancejeunesse.mesquerquimiac.fr\/sejm\/wp-content\/uploads\/2021\/08\/EJ.png?ssl=1\"><img data-recalc-dims=\"1\" loading=\"lazy\" decoding=\"async\" width=\"820\" height=\"312\" data-attachment-id=\"6298\" data-permalink=\"https:\/\/www.enfancejeunesse.mesquerquimiac.fr\/?attachment_id=6298\" data-orig-file=\"https:\/\/i0.wp.com\/www.enfancejeunesse.mesquerquimiac.fr\/sejm\/wp-content\/uploads\/2021\/08\/EJ.png?fit=820%2C312&amp;ssl=1\" data-orig-size=\"820,312\" data-comments-opened=\"0\" data-image-meta=\"{&quot;aperture&quot;:&quot;0&quot;,&quot;credit&quot;:&quot;&quot;,&quot;camera&quot;:&quot;&quot;,&quot;caption&quot;:&quot;&quot;,&quot;created_timestamp&quot;:&quot;0&quot;,&quot;copyright&quot;:&quot;&quot;,&quot;focal_length&quot;:&quot;0&quot;,&quot;iso&quot;:&quot;0&quot;,&quot;shutter_speed&quot;:&quot;0&quot;,&quot;title&quot;:&quot;&quot;,&quot;orientation&quot;:&quot;0&quot;}\" data-image-title=\"EJ\" data-image-description=\"\" data-image-caption=\"\" data-large-file=\"https:\/\/i0.wp.com\/www.enfancejeunesse.mesquerquimiac.fr\/sejm\/wp-content\/uploads\/2021\/08\/EJ.png?fit=820%2C312&amp;ssl=1\" src=\"https:\/\/i0.wp.com\/www.enfancejeunesse.mesquerquimiac.fr\/sejm\/wp-content\/uploads\/2021\/08\/EJ.png?resize=820%2C312&#038;ssl=1\" alt=\"\" class=\"wp-image-6298\" srcset=\"https:\/\/i0.wp.com\/www.enfancejeunesse.mesquerquimiac.fr\/sejm\/wp-content\/uploads\/2021\/08\/EJ.png?w=820&amp;ssl=1 820w, https:\/\/i0.wp.com\/www.enfancejeunesse.mesquerquimiac.fr\/sejm\/wp-content\/uploads\/2021\/08\/EJ.png?resize=300%2C114&amp;ssl=1 300w, https:\/\/i0.wp.com\/www.enfancejeunesse.mesquerquimiac.fr\/sejm\/wp-content\/uploads\/2021\/08\/EJ.png?resize=768%2C292&amp;ssl=1 768w\" sizes=\"auto, (max-width: 820px) 100vw, 820px\" \/><\/a><\/figure>\n\n\n<h3 style=\"text-align: left;\"><strong style=\"font-size: 1.17em; line-height: 1.5em;\">Les Horaires&nbsp;<\/strong><\/h3>\n<h6 style=\"text-align: left;\"><span style=\"color: #008080;\"><strong>P\u00e9riode Scolaire<\/strong><\/span><\/h6>\n<p>Le samedi de 14h \u00e0 18h30 \u00e0 la Gambade.<\/p>\n<h6><span style=\"color: #008080;\"><strong>P\u00e9riode de Vacances<\/strong><\/span><\/h6>\n<p>Du lundi au vendredi de 10h \u00e0 12h et de 14h \u00e0 18h30 \u00e0 la Gambade avec la possibilit\u00e9 de rester prendre un repas au restaurant scolaire.<br \/>Pendant les vacances, une soir\u00e9e par semaine est programm\u00e9e.<\/p>\n<h4><strong>S&rsquo;inscrire \u00e0 l&rsquo;Espace Jeunes et aux animations<\/strong><\/h4>\n<p>LES INSCRIPTIONS SONT OBLIGATOIRES SUR <a href=\"https:\/\/espacefamille.aiga.fr\/3832065\">LE PORTAIL FAMILLE<\/a><\/p>\n<p>Pour s&rsquo;inscrire aux <a href=\"http:\/\/www.espacejeunes.mesquerquimiac.fr\/?page_id=1545\" target=\"_blank\" rel=\"noopener noreferrer\">animations<\/a> vous pouvez aussi contacter Isabelle par t\u00e9l\u00e9phone, par mail, via la <a href=\"https:\/\/www.facebook.com\/Espace-Jeunes-de-Mesquer-233222720170485\/\" target=\"_blank\" rel=\"noopener noreferrer\">page Facebook<\/a> de l&rsquo;Espace Jeunes ou via le <a href=\"http:\/\/www.espacejeunes.mesquerquimiac.fr\/\" target=\"_blank\" rel=\"noopener noreferrer\">site internet<\/a> (formulaire de contact).<\/p>\n<ul>\n<li><a href=\"https:\/\/www.enfancejeunesse.mesquerquimiac.fr\/sejm\/wp-content\/uploads\/2023\/04\/Tuto-Reservation-Espace-Jeunes.pdf\" target=\"_blank\" rel=\"noopener\">Tutoriel r\u00e9servations Espace jeunes sur l&rsquo;espace famille<\/a><\/li>\n<\/ul>\n<p><strong>Espace Jeunes<\/strong><br \/>La Gambade (derri\u00e8re la Mairie)<br \/>T\u00e9l : 02 51 73 92 09<br \/>Mail : <a href=\"mailto:espacejeunes@mesquerquimiac.fr\">espacejeunes@mesquerquimiac.fr<\/a><br \/>Site internet : <a href=\"http:\/\/www.espacejeunes.mesquerquimiac.fr\" target=\"_blank\" rel=\"noopener noreferrer\">www.espacejeunes.mesquerquimiac.fr<\/a><\/p>\n\n\n<h2 class=\"wp-block-heading\">TARIFS ESPACE JEUNES<\/h2>\n\n\n\n<figure class=\"wp-block-image size-large\"><img data-recalc-dims=\"1\" loading=\"lazy\" decoding=\"async\" width=\"1024\" height=\"591\" data-attachment-id=\"7302\" data-permalink=\"https:\/\/www.enfancejeunesse.mesquerquimiac.fr\/?attachment_id=7302\" data-orig-file=\"https:\/\/i0.wp.com\/www.enfancejeunesse.mesquerquimiac.fr\/sejm\/wp-content\/uploads\/2023\/04\/tarifs-ej.jpg?fit=1200%2C692&amp;ssl=1\" data-orig-size=\"1200,692\" data-comments-opened=\"0\" data-image-meta=\"{&quot;aperture&quot;:&quot;0&quot;,&quot;credit&quot;:&quot;Secr\\u00e9tariat Enfance Jeunesse&quot;,&quot;camera&quot;:&quot;&quot;,&quot;caption&quot;:&quot;&quot;,&quot;created_timestamp&quot;:&quot;1681463270&quot;,&quot;copyright&quot;:&quot;&quot;,&quot;focal_length&quot;:&quot;0&quot;,&quot;iso&quot;:&quot;0&quot;,&quot;shutter_speed&quot;:&quot;0&quot;,&quot;title&quot;:&quot;&quot;,&quot;orientation&quot;:&quot;0&quot;}\" data-image-title=\"tarifs-ej\" data-image-description=\"\" data-image-caption=\"\" data-large-file=\"https:\/\/i0.wp.com\/www.enfancejeunesse.mesquerquimiac.fr\/sejm\/wp-content\/uploads\/2023\/04\/tarifs-ej.jpg?fit=1024%2C591&amp;ssl=1\" src=\"https:\/\/i0.wp.com\/www.enfancejeunesse.mesquerquimiac.fr\/sejm\/wp-content\/uploads\/2023\/04\/tarifs-ej-1024x591.jpg?resize=1024%2C591&#038;ssl=1\" alt=\"\" class=\"wp-image-7302\" srcset=\"https:\/\/i0.wp.com\/www.enfancejeunesse.mesquerquimiac.fr\/sejm\/wp-content\/uploads\/2023\/04\/tarifs-ej.jpg?resize=1024%2C591&amp;ssl=1 1024w, https:\/\/i0.wp.com\/www.enfancejeunesse.mesquerquimiac.fr\/sejm\/wp-content\/uploads\/2023\/04\/tarifs-ej.jpg?resize=300%2C173&amp;ssl=1 300w, https:\/\/i0.wp.com\/www.enfancejeunesse.mesquerquimiac.fr\/sejm\/wp-content\/uploads\/2023\/04\/tarifs-ej.jpg?resize=768%2C443&amp;ssl=1 768w, https:\/\/i0.wp.com\/www.enfancejeunesse.mesquerquimiac.fr\/sejm\/wp-content\/uploads\/2023\/04\/tarifs-ej.jpg?w=1200&amp;ssl=1 1200w\" sizes=\"auto, (max-width: 1000px) 100vw, 1000px\" \/><\/figure>\n\n\n\n<figure class=\"wp-block-image size-large\"><img data-recalc-dims=\"1\" loading=\"lazy\" decoding=\"async\" width=\"1024\" height=\"673\" data-attachment-id=\"7303\" data-permalink=\"https:\/\/www.enfancejeunesse.mesquerquimiac.fr\/?attachment_id=7303\" data-orig-file=\"https:\/\/i0.wp.com\/www.enfancejeunesse.mesquerquimiac.fr\/sejm\/wp-content\/uploads\/2023\/04\/tarifs-sejour-ej.jpg?fit=1170%2C769&amp;ssl=1\" data-orig-size=\"1170,769\" data-comments-opened=\"0\" data-image-meta=\"{&quot;aperture&quot;:&quot;0&quot;,&quot;credit&quot;:&quot;Secr\\u00e9tariat Enfance Jeunesse&quot;,&quot;camera&quot;:&quot;&quot;,&quot;caption&quot;:&quot;&quot;,&quot;created_timestamp&quot;:&quot;1681463301&quot;,&quot;copyright&quot;:&quot;&quot;,&quot;focal_length&quot;:&quot;0&quot;,&quot;iso&quot;:&quot;0&quot;,&quot;shutter_speed&quot;:&quot;0&quot;,&quot;title&quot;:&quot;&quot;,&quot;orientation&quot;:&quot;0&quot;}\" data-image-title=\"tarifs-sejour-ej\" data-image-description=\"\" data-image-caption=\"\" data-large-file=\"https:\/\/i0.wp.com\/www.enfancejeunesse.mesquerquimiac.fr\/sejm\/wp-content\/uploads\/2023\/04\/tarifs-sejour-ej.jpg?fit=1024%2C673&amp;ssl=1\" src=\"https:\/\/i0.wp.com\/www.enfancejeunesse.mesquerquimiac.fr\/sejm\/wp-content\/uploads\/2023\/04\/tarifs-sejour-ej-1024x673.jpg?resize=1024%2C673&#038;ssl=1\" alt=\"\" class=\"wp-image-7303\" srcset=\"https:\/\/i0.wp.com\/www.enfancejeunesse.mesquerquimiac.fr\/sejm\/wp-content\/uploads\/2023\/04\/tarifs-sejour-ej.jpg?resize=1024%2C673&amp;ssl=1 1024w, https:\/\/i0.wp.com\/www.enfancejeunesse.mesquerquimiac.fr\/sejm\/wp-content\/uploads\/2023\/04\/tarifs-sejour-ej.jpg?resize=300%2C197&amp;ssl=1 300w, https:\/\/i0.wp.com\/www.enfancejeunesse.mesquerquimiac.fr\/sejm\/wp-content\/uploads\/2023\/04\/tarifs-sejour-ej.jpg?resize=768%2C505&amp;ssl=1 768w, https:\/\/i0.wp.com\/www.enfancejeunesse.mesquerquimiac.fr\/sejm\/wp-content\/uploads\/2023\/04\/tarifs-sejour-ej.jpg?w=1170&amp;ssl=1 1170w\" sizes=\"auto, (max-width: 1000px) 100vw, 1000px\" \/><\/figure>\n\n\n\n<figure class=\"wp-block-image aligncenter size-large is-resized is-style-default\"><a href=\"https:\/\/www.espacejeunes.mesquerquimiac.fr\/?page_id=1545\" target=\"_blank\" rel=\"noopener\"><img data-recalc-dims=\"1\" loading=\"lazy\" decoding=\"async\" width=\"500\" height=\"500\" data-attachment-id=\"5735\" data-permalink=\"https:\/\/www.enfancejeunesse.mesquerquimiac.fr\/?attachment_id=5735\" data-orig-file=\"https:\/\/i0.wp.com\/www.enfancejeunesse.mesquerquimiac.fr\/sejm\/wp-content\/uploads\/2021\/02\/Copie-de-reglement-interieur.png?fit=500%2C500&amp;ssl=1\" data-orig-size=\"500,500\" data-comments-opened=\"0\" data-image-meta=\"{&quot;aperture&quot;:&quot;0&quot;,&quot;credit&quot;:&quot;&quot;,&quot;camera&quot;:&quot;&quot;,&quot;caption&quot;:&quot;&quot;,&quot;created_timestamp&quot;:&quot;0&quot;,&quot;copyright&quot;:&quot;&quot;,&quot;focal_length&quot;:&quot;0&quot;,&quot;iso&quot;:&quot;0&quot;,&quot;shutter_speed&quot;:&quot;0&quot;,&quot;title&quot;:&quot;&quot;,&quot;orientation&quot;:&quot;0&quot;}\" data-image-title=\"Copie-de-reglement-interieur\" data-image-description=\"\" data-image-caption=\"\" data-large-file=\"https:\/\/i0.wp.com\/www.enfancejeunesse.mesquerquimiac.fr\/sejm\/wp-content\/uploads\/2021\/02\/Copie-de-reglement-interieur.png?fit=500%2C500&amp;ssl=1\" src=\"https:\/\/i0.wp.com\/www.enfancejeunesse.mesquerquimiac.fr\/sejm\/wp-content\/uploads\/2021\/02\/Copie-de-reglement-interieur.png?resize=500%2C500&#038;ssl=1\" alt=\"\" class=\"wp-image-5735\" style=\"width:270px;height:auto\" srcset=\"https:\/\/i0.wp.com\/www.enfancejeunesse.mesquerquimiac.fr\/sejm\/wp-content\/uploads\/2021\/02\/Copie-de-reglement-interieur.png?w=500&amp;ssl=1 500w, https:\/\/i0.wp.com\/www.enfancejeunesse.mesquerquimiac.fr\/sejm\/wp-content\/uploads\/2021\/02\/Copie-de-reglement-interieur.png?resize=300%2C300&amp;ssl=1 300w, https:\/\/i0.wp.com\/www.enfancejeunesse.mesquerquimiac.fr\/sejm\/wp-content\/uploads\/2021\/02\/Copie-de-reglement-interieur.png?resize=150%2C150&amp;ssl=1 150w\" sizes=\"auto, (max-width: 500px) 100vw, 500px\" \/><\/a><\/figure>\n\n\n\n<h2 class=\"wp-block-heading\">Programme des vacances de printemps 2026<\/h2>\n\n\n\n<div class=\"wp-block-jetpack-tiled-gallery aligncenter is-style-rectangular\"><div class=\"\"><div class=\"tiled-gallery__gallery\"><div class=\"tiled-gallery__row\"><div class=\"tiled-gallery__col\" style=\"flex-basis:50.00000%\"><figure class=\"tiled-gallery__item\"><img decoding=\"async\" data-attachment-id=\"8486\" data-permalink=\"https:\/\/www.enfancejeunesse.mesquerquimiac.fr\/?attachment_id=8486\" data-orig-file=\"https:\/\/i0.wp.com\/www.enfancejeunesse.mesquerquimiac.fr\/sejm\/wp-content\/uploads\/2026\/03\/1-1.png?fit=848%2C1200&amp;ssl=1\" data-orig-size=\"848,1200\" data-comments-opened=\"0\" data-image-meta=\"{&quot;aperture&quot;:&quot;0&quot;,&quot;credit&quot;:&quot;&quot;,&quot;camera&quot;:&quot;&quot;,&quot;caption&quot;:&quot;&quot;,&quot;created_timestamp&quot;:&quot;0&quot;,&quot;copyright&quot;:&quot;&quot;,&quot;focal_length&quot;:&quot;0&quot;,&quot;iso&quot;:&quot;0&quot;,&quot;shutter_speed&quot;:&quot;0&quot;,&quot;title&quot;:&quot;&quot;,&quot;orientation&quot;:&quot;0&quot;}\" data-image-title=\"1\" data-image-description=\"\" data-image-caption=\"\" data-large-file=\"https:\/\/i0.wp.com\/www.enfancejeunesse.mesquerquimiac.fr\/sejm\/wp-content\/uploads\/2026\/03\/1-1.png?fit=724%2C1024&amp;ssl=1\" data-attachment-id=\"8486\" data-permalink=\"https:\/\/www.enfancejeunesse.mesquerquimiac.fr\/?attachment_id=8486\" data-orig-file=\"https:\/\/i0.wp.com\/www.enfancejeunesse.mesquerquimiac.fr\/sejm\/wp-content\/uploads\/2026\/03\/1-1.png?fit=848%2C1200&amp;ssl=1\" data-orig-size=\"848,1200\" data-comments-opened=\"0\" data-image-meta=\"{&quot;aperture&quot;:&quot;0&quot;,&quot;credit&quot;:&quot;&quot;,&quot;camera&quot;:&quot;&quot;,&quot;caption&quot;:&quot;&quot;,&quot;created_timestamp&quot;:&quot;0&quot;,&quot;copyright&quot;:&quot;&quot;,&quot;focal_length&quot;:&quot;0&quot;,&quot;iso&quot;:&quot;0&quot;,&quot;shutter_speed&quot;:&quot;0&quot;,&quot;title&quot;:&quot;&quot;,&quot;orientation&quot;:&quot;0&quot;}\" data-image-title=\"1\" data-image-description=\"\" data-image-caption=\"\" data-large-file=\"https:\/\/i0.wp.com\/www.enfancejeunesse.mesquerquimiac.fr\/sejm\/wp-content\/uploads\/2026\/03\/1-1.png?fit=724%2C1024&amp;ssl=1\" role=\"button\" tabindex=\"0\" aria-label=\"Ouvrir l\u2019image 1 sur 2 en plein \u00e9cran\"srcset=\"https:\/\/i0.wp.com\/www.enfancejeunesse.mesquerquimiac.fr\/sejm\/wp-content\/uploads\/2026\/03\/1-1-724x1024.png?strip=info&#038;w=600&#038;ssl=1 600w,https:\/\/i0.wp.com\/www.enfancejeunesse.mesquerquimiac.fr\/sejm\/wp-content\/uploads\/2026\/03\/1-1-724x1024.png?strip=info&#038;w=848&#038;ssl=1 848w\" alt=\"\" data-height=\"1200\" data-id=\"8486\" data-link=\"https:\/\/www.enfancejeunesse.mesquerquimiac.fr\/?attachment_id=8486\" data-url=\"https:\/\/www.enfancejeunesse.mesquerquimiac.fr\/sejm\/wp-content\/uploads\/2026\/03\/1-1-724x1024.png\" data-width=\"848\" src=\"https:\/\/i0.wp.com\/www.enfancejeunesse.mesquerquimiac.fr\/sejm\/wp-content\/uploads\/2026\/03\/1-1-724x1024.png?ssl=1\" data-amp-layout=\"responsive\"\/><\/figure><\/div><div class=\"tiled-gallery__col\" style=\"flex-basis:50.00000%\"><figure class=\"tiled-gallery__item\"><img decoding=\"async\" data-attachment-id=\"8488\" data-permalink=\"https:\/\/www.enfancejeunesse.mesquerquimiac.fr\/?attachment_id=8488\" data-orig-file=\"https:\/\/i0.wp.com\/www.enfancejeunesse.mesquerquimiac.fr\/sejm\/wp-content\/uploads\/2026\/03\/EJ-VACANCES-printemps-2025.png?fit=848%2C1200&amp;ssl=1\" data-orig-size=\"848,1200\" data-comments-opened=\"0\" data-image-meta=\"{&quot;aperture&quot;:&quot;0&quot;,&quot;credit&quot;:&quot;&quot;,&quot;camera&quot;:&quot;&quot;,&quot;caption&quot;:&quot;&quot;,&quot;created_timestamp&quot;:&quot;0&quot;,&quot;copyright&quot;:&quot;&quot;,&quot;focal_length&quot;:&quot;0&quot;,&quot;iso&quot;:&quot;0&quot;,&quot;shutter_speed&quot;:&quot;0&quot;,&quot;title&quot;:&quot;&quot;,&quot;orientation&quot;:&quot;0&quot;}\" data-image-title=\"EJ VACANCES printemps 2025\" data-image-description=\"\" data-image-caption=\"&lt;p&gt;Programme vacances de printemps 2026&lt;\/p&gt;\n\" data-large-file=\"https:\/\/i0.wp.com\/www.enfancejeunesse.mesquerquimiac.fr\/sejm\/wp-content\/uploads\/2026\/03\/EJ-VACANCES-printemps-2025.png?fit=724%2C1024&amp;ssl=1\" data-attachment-id=\"8488\" data-permalink=\"https:\/\/www.enfancejeunesse.mesquerquimiac.fr\/?attachment_id=8488\" data-orig-file=\"https:\/\/i0.wp.com\/www.enfancejeunesse.mesquerquimiac.fr\/sejm\/wp-content\/uploads\/2026\/03\/EJ-VACANCES-printemps-2025.png?fit=848%2C1200&amp;ssl=1\" data-orig-size=\"848,1200\" data-comments-opened=\"0\" data-image-meta=\"{&quot;aperture&quot;:&quot;0&quot;,&quot;credit&quot;:&quot;&quot;,&quot;camera&quot;:&quot;&quot;,&quot;caption&quot;:&quot;&quot;,&quot;created_timestamp&quot;:&quot;0&quot;,&quot;copyright&quot;:&quot;&quot;,&quot;focal_length&quot;:&quot;0&quot;,&quot;iso&quot;:&quot;0&quot;,&quot;shutter_speed&quot;:&quot;0&quot;,&quot;title&quot;:&quot;&quot;,&quot;orientation&quot;:&quot;0&quot;}\" data-image-title=\"EJ VACANCES printemps 2025\" data-image-description=\"\" data-image-caption=\"&lt;p&gt;Programme vacances de printemps 2026&lt;\/p&gt;\n\" data-large-file=\"https:\/\/i0.wp.com\/www.enfancejeunesse.mesquerquimiac.fr\/sejm\/wp-content\/uploads\/2026\/03\/EJ-VACANCES-printemps-2025.png?fit=724%2C1024&amp;ssl=1\" role=\"button\" tabindex=\"0\" aria-label=\"Ouvrir l\u2019image 2 sur 2 en plein \u00e9cran\"srcset=\"https:\/\/i0.wp.com\/www.enfancejeunesse.mesquerquimiac.fr\/sejm\/wp-content\/uploads\/2026\/03\/EJ-VACANCES-printemps-2025-724x1024.png?strip=info&#038;w=600&#038;ssl=1 600w,https:\/\/i0.wp.com\/www.enfancejeunesse.mesquerquimiac.fr\/sejm\/wp-content\/uploads\/2026\/03\/EJ-VACANCES-printemps-2025-724x1024.png?strip=info&#038;w=848&#038;ssl=1 848w\" alt=\"\" data-height=\"1200\" data-id=\"8488\" data-link=\"https:\/\/www.enfancejeunesse.mesquerquimiac.fr\/?attachment_id=8488\" data-url=\"https:\/\/www.enfancejeunesse.mesquerquimiac.fr\/sejm\/wp-content\/uploads\/2026\/03\/EJ-VACANCES-printemps-2025-724x1024.png\" data-width=\"848\" src=\"https:\/\/i0.wp.com\/www.enfancejeunesse.mesquerquimiac.fr\/sejm\/wp-content\/uploads\/2026\/03\/EJ-VACANCES-printemps-2025-724x1024.png?ssl=1\" data-amp-layout=\"responsive\"\/><\/figure><\/div><\/div><\/div><\/div><\/div>\n\n\n\n<p class=\"has-text-align-center has-large-font-size\"><strong>PROGRAMME MERCREDIS ET SAMEDIS MARS-AVRIL 2026<\/strong><\/p>\n\n\n\n<figure class=\"wp-block-gallery has-nested-images columns-default is-cropped wp-block-gallery-1 is-layout-flex wp-block-gallery-is-layout-flex\">\n<figure class=\"wp-block-image size-large\"><img data-recalc-dims=\"1\" loading=\"lazy\" decoding=\"async\" width=\"724\" height=\"1024\" data-attachment-id=\"8459\" data-permalink=\"https:\/\/www.enfancejeunesse.mesquerquimiac.fr\/?attachment_id=8459\" data-orig-file=\"https:\/\/i0.wp.com\/www.enfancejeunesse.mesquerquimiac.fr\/sejm\/wp-content\/uploads\/2026\/02\/1-1.png?fit=848%2C1200&amp;ssl=1\" data-orig-size=\"848,1200\" data-comments-opened=\"0\" data-image-meta=\"{&quot;aperture&quot;:&quot;0&quot;,&quot;credit&quot;:&quot;&quot;,&quot;camera&quot;:&quot;&quot;,&quot;caption&quot;:&quot;&quot;,&quot;created_timestamp&quot;:&quot;0&quot;,&quot;copyright&quot;:&quot;&quot;,&quot;focal_length&quot;:&quot;0&quot;,&quot;iso&quot;:&quot;0&quot;,&quot;shutter_speed&quot;:&quot;0&quot;,&quot;title&quot;:&quot;&quot;,&quot;orientation&quot;:&quot;0&quot;}\" data-image-title=\"1\" data-image-description=\"\" data-image-caption=\"\" data-large-file=\"https:\/\/i0.wp.com\/www.enfancejeunesse.mesquerquimiac.fr\/sejm\/wp-content\/uploads\/2026\/02\/1-1.png?fit=724%2C1024&amp;ssl=1\" data-id=\"8459\" src=\"https:\/\/i0.wp.com\/www.enfancejeunesse.mesquerquimiac.fr\/sejm\/wp-content\/uploads\/2026\/02\/1-1.png?resize=724%2C1024&#038;ssl=1\" alt=\"\" class=\"wp-image-8459\" srcset=\"https:\/\/i0.wp.com\/www.enfancejeunesse.mesquerquimiac.fr\/sejm\/wp-content\/uploads\/2026\/02\/1-1.png?resize=724%2C1024&amp;ssl=1 724w, https:\/\/i0.wp.com\/www.enfancejeunesse.mesquerquimiac.fr\/sejm\/wp-content\/uploads\/2026\/02\/1-1.png?resize=212%2C300&amp;ssl=1 212w, https:\/\/i0.wp.com\/www.enfancejeunesse.mesquerquimiac.fr\/sejm\/wp-content\/uploads\/2026\/02\/1-1.png?resize=768%2C1087&amp;ssl=1 768w, https:\/\/i0.wp.com\/www.enfancejeunesse.mesquerquimiac.fr\/sejm\/wp-content\/uploads\/2026\/02\/1-1.png?w=848&amp;ssl=1 848w\" sizes=\"auto, (max-width: 724px) 100vw, 724px\" \/><\/figure>\n\n\n\n<figure class=\"wp-block-image size-large\"><img data-recalc-dims=\"1\" loading=\"lazy\" decoding=\"async\" width=\"724\" height=\"1024\" data-attachment-id=\"8458\" data-permalink=\"https:\/\/www.enfancejeunesse.mesquerquimiac.fr\/?attachment_id=8458\" data-orig-file=\"https:\/\/i0.wp.com\/www.enfancejeunesse.mesquerquimiac.fr\/sejm\/wp-content\/uploads\/2026\/02\/2-1.png?fit=848%2C1200&amp;ssl=1\" data-orig-size=\"848,1200\" data-comments-opened=\"0\" data-image-meta=\"{&quot;aperture&quot;:&quot;0&quot;,&quot;credit&quot;:&quot;&quot;,&quot;camera&quot;:&quot;&quot;,&quot;caption&quot;:&quot;&quot;,&quot;created_timestamp&quot;:&quot;0&quot;,&quot;copyright&quot;:&quot;&quot;,&quot;focal_length&quot;:&quot;0&quot;,&quot;iso&quot;:&quot;0&quot;,&quot;shutter_speed&quot;:&quot;0&quot;,&quot;title&quot;:&quot;&quot;,&quot;orientation&quot;:&quot;0&quot;}\" data-image-title=\"2\" data-image-description=\"\" data-image-caption=\"\" data-large-file=\"https:\/\/i0.wp.com\/www.enfancejeunesse.mesquerquimiac.fr\/sejm\/wp-content\/uploads\/2026\/02\/2-1.png?fit=724%2C1024&amp;ssl=1\" data-id=\"8458\" src=\"https:\/\/i0.wp.com\/www.enfancejeunesse.mesquerquimiac.fr\/sejm\/wp-content\/uploads\/2026\/02\/2-1.png?resize=724%2C1024&#038;ssl=1\" alt=\"\" class=\"wp-image-8458\" srcset=\"https:\/\/i0.wp.com\/www.enfancejeunesse.mesquerquimiac.fr\/sejm\/wp-content\/uploads\/2026\/02\/2-1.png?resize=724%2C1024&amp;ssl=1 724w, https:\/\/i0.wp.com\/www.enfancejeunesse.mesquerquimiac.fr\/sejm\/wp-content\/uploads\/2026\/02\/2-1.png?resize=212%2C300&amp;ssl=1 212w, https:\/\/i0.wp.com\/www.enfancejeunesse.mesquerquimiac.fr\/sejm\/wp-content\/uploads\/2026\/02\/2-1.png?resize=768%2C1087&amp;ssl=1 768w, https:\/\/i0.wp.com\/www.enfancejeunesse.mesquerquimiac.fr\/sejm\/wp-content\/uploads\/2026\/02\/2-1.png?w=848&amp;ssl=1 848w\" sizes=\"auto, (max-width: 724px) 100vw, 724px\" \/><\/figure>\n<\/figure>\n","protected":false},"excerpt":{"rendered":"<p>Les Horaires&nbsp; P\u00e9riode Scolaire Le samedi de 14h \u00e0 18h30 \u00e0 la Gambade. P\u00e9riode de Vacances Du lundi au vendredi de 10h \u00e0 12h et de 14h \u00e0 18h30 \u00e0 la Gambade avec la possibilit\u00e9 de rester prendre un repas au restaurant scolaire.Pendant les vacances, une soir\u00e9e par semaine est programm\u00e9e. S&rsquo;inscrire \u00e0 l&rsquo;Espace Jeunes [&hellip;]<\/p>\n","protected":false},"author":4,"featured_media":0,"parent":0,"menu_order":0,"comment_status":"closed","ping_status":"closed","template":"","meta":{"site-sidebar-layout":"default","site-content-layout":"default","ast-site-content-layout":"default","site-content-style":"default","site-sidebar-style":"default","ast-global-header-display":"","ast-banner-title-visibility":"","ast-main-header-display":"","ast-hfb-above-header-display":"","ast-hfb-below-header-display":"","ast-hfb-mobile-header-display":"","site-post-title":"","ast-breadcrumbs-content":"","ast-featured-img":"","footer-sml-layout":"","ast-disable-related-posts":"","theme-transparent-header-meta":"default","adv-header-id-meta":"","stick-header-meta":"","header-above-stick-meta":"","header-main-stick-meta":"","header-below-stick-meta":"","astra-migrate-meta-layouts":"set","ast-page-background-enabled":"default","ast-page-background-meta":{"desktop":{"background-color":"","background-image":"","background-repeat":"repeat","background-position":"center center","background-size":"auto","background-attachment":"scroll","background-type":"","background-media":"","overlay-type":"","overlay-color":"","overlay-opacity":"","overlay-gradient":""},"tablet":{"background-color":"","background-image":"","background-repeat":"repeat","background-position":"center center","background-size":"auto","background-attachment":"scroll","background-type":"","background-media":"","overlay-type":"","overlay-color":"","overlay-opacity":"","overlay-gradient":""},"mobile":{"background-color":"","background-image":"","background-repeat":"repeat","background-position":"center center","background-size":"auto","background-attachment":"scroll","background-type":"","background-media":"","overlay-type":"","overlay-color":"","overlay-opacity":"","overlay-gradient":""}},"ast-content-background-meta":{"desktop":{"background-color":"var(--ast-global-color-5)","background-image":"","background-repeat":"repeat","background-position":"center center","background-size":"auto","background-attachment":"scroll","background-type":"","background-media":"","overlay-type":"","overlay-color":"","overlay-opacity":"","overlay-gradient":""},"tablet":{"background-color":"var(--ast-global-color-5)","background-image":"","background-repeat":"repeat","background-position":"center center","background-size":"auto","background-attachment":"scroll","background-type":"","background-media":"","overlay-type":"","overlay-color":"","overlay-opacity":"","overlay-gradient":""},"mobile":{"background-color":"var(--ast-global-color-5)","background-image":"","background-repeat":"repeat","background-position":"center center","background-size":"auto","background-attachment":"scroll","background-type":"","background-media":"","overlay-type":"","overlay-color":"","overlay-opacity":"","overlay-gradient":""}},"ngg_post_thumbnail":0,"footnotes":""},"class_list":["post-1132","page","type-page","status-publish","hentry"],"aioseo_notices":[],"jetpack_sharing_enabled":true,"_links":{"self":[{"href":"https:\/\/www.enfancejeunesse.mesquerquimiac.fr\/index.php?rest_route=\/wp\/v2\/pages\/1132","targetHints":{"allow":["GET"]}}],"collection":[{"href":"https:\/\/www.enfancejeunesse.mesquerquimiac.fr\/index.php?rest_route=\/wp\/v2\/pages"}],"about":[{"href":"https:\/\/www.enfancejeunesse.mesquerquimiac.fr\/index.php?rest_route=\/wp\/v2\/types\/page"}],"author":[{"embeddable":true,"href":"https:\/\/www.enfancejeunesse.mesquerquimiac.fr\/index.php?rest_route=\/wp\/v2\/users\/4"}],"replies":[{"embeddable":true,"href":"https:\/\/www.enfancejeunesse.mesquerquimiac.fr\/index.php?rest_route=%2Fwp%2Fv2%2Fcomments&post=1132"}],"version-history":[{"count":31,"href":"https:\/\/www.enfancejeunesse.mesquerquimiac.fr\/index.php?rest_route=\/wp\/v2\/pages\/1132\/revisions"}],"predecessor-version":[{"id":8493,"href":"https:\/\/www.enfancejeunesse.mesquerquimiac.fr\/index.php?rest_route=\/wp\/v2\/pages\/1132\/revisions\/8493"}],"wp:attachment":[{"href":"https:\/\/www.enfancejeunesse.mesquerquimiac.fr\/index.php?rest_route=%2Fwp%2Fv2%2Fmedia&parent=1132"}],"curies":[{"name":"wp","href":"https:\/\/api.w.org\/{rel}","templated":true}]}}