{"id":1129,"date":"2015-11-29T22:53:26","date_gmt":"2015-11-29T21:53:26","guid":{"rendered":"http:\/\/www.enfancejeunesse.mesquerquimiac.fr\/?page_id=1129"},"modified":"2024-07-04T13:10:41","modified_gmt":"2024-07-04T12:10:41","slug":"projet-municipal-2","status":"publish","type":"page","link":"https:\/\/www.enfancejeunesse.mesquerquimiac.fr\/?page_id=1129","title":{"rendered":"PROJET MUNICIPAL"},"content":{"rendered":"<p>L\u2019\u00e9quipe municipale fait de l\u2019enfance et de la jeunesse une priorit\u00e9 en formalisant des actions \u00e9ducatives en direction des enfants et des jeunes pendant leur temps libre.<\/p>\n<p>La commission Enfance Jeunesse, compos\u00e9e d\u2019\u00e9lus, &nbsp;est \u00e0 l\u2019\u00e9coute des besoins et attentes des enfants et des jeunes afin d\u2019assurer pleinement son r\u00f4le p\u00e9dagogique et de qualit\u00e9.<\/p>\n<p>La ville de Mesquer a pour ambition&nbsp;:<\/p>\n<ul>\n<li>la coh\u00e9rence des diff\u00e9rents temps de l\u2019enfant et des jeunes, en travaillant \u00e0 la mise en place d\u2019une r\u00e9flexion et concertation communes entre les acteurs \u00e9ducatifs de la ville<\/li>\n<li>la mise \u00e0 disposition de moyens et d\u2019aide n\u00e9cessaires aux enfants et aux jeunes \u00e0 la construction de projets collectifs de loisirs<\/li>\n<li>favoriser le vivre ensemble au quotidien avec les familles, les a\u00een\u00e9s (autour de projets interg\u00e9n\u00e9rationnels), les acteurs socio\u00e9conomiques de la commune<\/li>\n<li>accompagner les enfants et les jeunes dans une d\u00e9marche citoyenne (Conseil municipal des Adolescents), solidaire, responsable et autonome (Projets autofinancement Espace Jeunes)<\/li>\n<\/ul>\n<p><a href=\"http:\/\/www.enfancejeunesse.mesquerquimiac.fr\/sejm\/wp-content\/uploads\/2015\/11\/Projet-P\u00e9dagogique-Espace-Jeunes.pdf\" target=\"_blank\" rel=\"noopener noreferrer\">Projet P\u00e9dagogique Espace Jeunes<\/a><\/p>\n<p>&nbsp;<\/p>\n\n\n<h1 class=\"wp-block-heading\">PROJET EDUCATIF DE TERRITOIRE 2024-2027<\/h1>\n\n\n\n<div data-wp-interactive=\"core\/file\" class=\"wp-block-file\"><object data-wp-bind--hidden=\"!state.hasPdfPreview\" hidden class=\"wp-block-file__embed\" data=\"https:\/\/www.enfancejeunesse.mesquerquimiac.fr\/sejm\/wp-content\/uploads\/2024\/07\/PROJET-EDUCATIF-DE-TERRITOIRE-2024-1.pdf\" type=\"application\/pdf\" style=\"width:100%;height:600px\" aria-label=\"Contenu embarqu\u00e9 PROJET-EDUCATIF-DE-TERRITOIRE-2024-1.\"><\/object><a id=\"wp-block-file--media-d3d72244-177a-40e8-9336-aaf45e4182ee\" href=\"https:\/\/www.enfancejeunesse.mesquerquimiac.fr\/sejm\/wp-content\/uploads\/2024\/07\/PROJET-EDUCATIF-DE-TERRITOIRE-2024-1.pdf\">PROJET-EDUCATIF-DE-TERRITOIRE-2024-1<\/a><a href=\"https:\/\/www.enfancejeunesse.mesquerquimiac.fr\/sejm\/wp-content\/uploads\/2024\/07\/PROJET-EDUCATIF-DE-TERRITOIRE-2024-1.pdf\" class=\"wp-block-file__button wp-element-button\" download aria-describedby=\"wp-block-file--media-d3d72244-177a-40e8-9336-aaf45e4182ee\">T\u00e9l\u00e9charger<\/a><\/div>\n\n\n\n<p>Parce que nos enfants sont les adultes de demain, ils doivent d\u00e8s aujourd\u2019hui s\u2019inscrire au centre de nos pr\u00e9occupations.<\/p>\n\n\n\n<p>Le PEDT est un projet con\u00e7u dans l\u2019int\u00e9r\u00eat de l\u2019enfant et du jeune. C\u2019est une d\u00e9marche partenariale \u00e0 l\u2019initiative d\u2019une collectivit\u00e9 territoriale qui tente de respecter au mieux leurs rythmes, leurs besoins, ainsi que leurs aspirations.<\/p>\n","protected":false},"excerpt":{"rendered":"<p>L\u2019\u00e9quipe municipale fait de l\u2019enfance et de la jeunesse une priorit\u00e9 en formalisant des actions \u00e9ducatives en direction des enfants et des jeunes pendant leur temps libre. La commission Enfance Jeunesse, compos\u00e9e d\u2019\u00e9lus, &nbsp;est \u00e0 l\u2019\u00e9coute des besoins et attentes des enfants et des jeunes afin d\u2019assurer pleinement son r\u00f4le p\u00e9dagogique et de qualit\u00e9. La [&hellip;]<\/p>\n","protected":false},"author":91,"featured_media":0,"parent":0,"menu_order":0,"comment_status":"closed","ping_status":"closed","template":"","meta":{"site-sidebar-layout":"default","site-content-layout":"default","ast-site-content-layout":"default","site-content-style":"default","site-sidebar-style":"default","ast-global-header-display":"","ast-banner-title-visibility":"","ast-main-header-display":"","ast-hfb-above-header-display":"","ast-hfb-below-header-display":"","ast-hfb-mobile-header-display":"","site-post-title":"","ast-breadcrumbs-content":"","ast-featured-img":"disabled","footer-sml-layout":"","ast-disable-related-posts":"","theme-transparent-header-meta":"default","adv-header-id-meta":"","stick-header-meta":"","header-above-stick-meta":"","header-main-stick-meta":"","header-below-stick-meta":"","astra-migrate-meta-layouts":"set","ast-page-background-enabled":"default","ast-page-background-meta":{"desktop":{"background-color":"","background-image":"","background-repeat":"repeat","background-position":"center center","background-size":"auto","background-attachment":"scroll","background-type":"","background-media":"","overlay-type":"","overlay-color":"","overlay-opacity":"","overlay-gradient":""},"tablet":{"background-color":"","background-image":"","background-repeat":"repeat","background-position":"center center","background-size":"auto","background-attachment":"scroll","background-type":"","background-media":"","overlay-type":"","overlay-color":"","overlay-opacity":"","overlay-gradient":""},"mobile":{"background-color":"","background-image":"","background-repeat":"repeat","background-position":"center center","background-size":"auto","background-attachment":"scroll","background-type":"","background-media":"","overlay-type":"","overlay-color":"","overlay-opacity":"","overlay-gradient":""}},"ast-content-background-meta":{"desktop":{"background-color":"var(--ast-global-color-5)","background-image":"","background-repeat":"repeat","background-position":"center center","background-size":"auto","background-attachment":"scroll","background-type":"","background-media":"","overlay-type":"","overlay-color":"","overlay-opacity":"","overlay-gradient":""},"tablet":{"background-color":"var(--ast-global-color-5)","background-image":"","background-repeat":"repeat","background-position":"center center","background-size":"auto","background-attachment":"scroll","background-type":"","background-media":"","overlay-type":"","overlay-color":"","overlay-opacity":"","overlay-gradient":""},"mobile":{"background-color":"var(--ast-global-color-5)","background-image":"","background-repeat":"repeat","background-position":"center center","background-size":"auto","background-attachment":"scroll","background-type":"","background-media":"","overlay-type":"","overlay-color":"","overlay-opacity":"","overlay-gradient":""}},"ngg_post_thumbnail":0,"footnotes":""},"class_list":["post-1129","page","type-page","status-publish","hentry"],"aioseo_notices":[],"jetpack_sharing_enabled":true,"_links":{"self":[{"href":"https:\/\/www.enfancejeunesse.mesquerquimiac.fr\/index.php?rest_route=\/wp\/v2\/pages\/1129","targetHints":{"allow":["GET"]}}],"collection":[{"href":"https:\/\/www.enfancejeunesse.mesquerquimiac.fr\/index.php?rest_route=\/wp\/v2\/pages"}],"about":[{"href":"https:\/\/www.enfancejeunesse.mesquerquimiac.fr\/index.php?rest_route=\/wp\/v2\/types\/page"}],"author":[{"embeddable":true,"href":"https:\/\/www.enfancejeunesse.mesquerquimiac.fr\/index.php?rest_route=\/wp\/v2\/users\/91"}],"replies":[{"embeddable":true,"href":"https:\/\/www.enfancejeunesse.mesquerquimiac.fr\/index.php?rest_route=%2Fwp%2Fv2%2Fcomments&post=1129"}],"version-history":[{"count":26,"href":"https:\/\/www.enfancejeunesse.mesquerquimiac.fr\/index.php?rest_route=\/wp\/v2\/pages\/1129\/revisions"}],"predecessor-version":[{"id":7805,"href":"https:\/\/www.enfancejeunesse.mesquerquimiac.fr\/index.php?rest_route=\/wp\/v2\/pages\/1129\/revisions\/7805"}],"wp:attachment":[{"href":"https:\/\/www.enfancejeunesse.mesquerquimiac.fr\/index.php?rest_route=%2Fwp%2Fv2%2Fmedia&parent=1129"}],"curies":[{"name":"wp","href":"https:\/\/api.w.org\/{rel}","templated":true}]}}